{"id":13450,"date":"2018-03-20T22:37:36","date_gmt":"2018-03-20T22:37:36","guid":{"rendered":"https:\/\/www.masabi.com\/?page_id=13450"},"modified":"2023-05-19T14:38:13","modified_gmt":"2023-05-19T14:38:13","slug":"sobre-masabi","status":"publish","type":"page","link":"https:\/\/www.masabi.com\/es\/sobre-masabi\/","title":{"rendered":"Acerca de Masabi"},"content":{"rendered":"<p>[vc_row content_width=\u00bbgrid\u00bb css=\u00bb.vc_custom_1541177027450{background-color: #ffffff !important;}\u00bb][vc_column width=\u00bb2\/3&#8243;]<div class=\"edgtf-separator-holder clearfix  edgtf-separator-center\">\n\t<div class=\"edgtf-separator\" ><\/div>\n<\/div>\n<div class=\"edgtf-separator-holder clearfix  edgtf-separator-center\">\n\t<div class=\"edgtf-separator\" ><\/div>\n<\/div>\n<div class=\"edgtf-separator-holder clearfix  edgtf-separator-center\">\n\t<div class=\"edgtf-separator\" ><\/div>\n<\/div>\n[vc_column_text]<\/p>\n<h2 style=\"text-align: left;\"><strong>Acerca de Masabi<\/strong><\/h2>\n<p>[\/vc_column_text][vc_column_text]<\/p>\n<p class=\"Careers\">Masabi ha experimentado una gran evoluci\u00f3n desde sus inicios en 2007, cuando lanz\u00f3 su primera aplicaci\u00f3n de recaudaci\u00f3n para m\u00f3viles en Reino Unido junto a Chiltern Railways. Desde entonces, hemos trabajado duro para revolucionar los sistemas de recaudaci\u00f3n dentro del sector de transportes.<\/p>\n<p class=\"Careers\">En 2012 implementamos por primera vez un sistema de recaudaci\u00f3n para m\u00f3viles con un operador de transporte estadounidense a trav\u00e9s de Justride, nuestra plataforma de recaudo electr\u00f3nico como servicio. A partir de ese momento, esta soluci\u00f3n ha ido evolucionando hasta incluir nuevas capacidades como la recaudaci\u00f3n basada en cuenta, que ofrece a los pasajeros la oportunidad de utilizar su tel\u00e9fono m\u00f3vil, sus tarjetas bancarias sin contacto y sus tarjetas inteligentes para viajar. Adem\u00e1s, permite la activaci\u00f3n de la MaaS.<\/p>\n<p>[\/vc_column_text]<div class=\"edgtf-separator-holder clearfix  edgtf-separator-center\">\n\t<div class=\"edgtf-separator\" ><\/div>\n<\/div>\n<div class=\"edgtf-separator-holder clearfix  edgtf-separator-center\">\n\t<div class=\"edgtf-separator\" ><\/div>\n<\/div>\n[\/vc_column][vc_column width=\u00bb1\/3&#8243;]<div class=\"edgtf-separator-holder clearfix  edgtf-separator-center\">\n\t<div class=\"edgtf-separator\" ><\/div>\n<\/div>\n<div class=\"edgtf-separator-holder clearfix  edgtf-separator-center\">\n\t<div class=\"edgtf-separator\" ><\/div>\n<\/div>\n<div class=\"edgtf-separator-holder clearfix  edgtf-separator-center\">\n\t<div class=\"edgtf-separator\" ><\/div>\n<\/div>\n<div class=\"edgtf-separator-holder clearfix  edgtf-separator-center\">\n\t<div class=\"edgtf-separator\" ><\/div>\n<\/div>\n<div class=\"edgtf-separator-holder clearfix  edgtf-separator-center\">\n\t<div class=\"edgtf-separator\" ><\/div>\n<\/div>\n<div class=\"edgtf-separator-holder clearfix  edgtf-separator-center\">\n\t<div class=\"edgtf-separator\" ><\/div>\n<\/div>\n[vc_single_image image=\u00bb17153&#8243; img_size=\u00bbmedium\u00bb]<div class=\"edgtf-separator-holder clearfix  edgtf-separator-center\">\n\t<div class=\"edgtf-separator\" ><\/div>\n<\/div>\n[\/vc_column][\/vc_row][vc_row content_width=\u00bbgrid\u00bb css=\u00bb.vc_custom_1593789110912{padding-top: 71px !important;padding-bottom: 60px !important;}\u00bb][vc_column width=\u00bb1\/2&#8243; css=\u00bb.vc_custom_1454592717477{padding-right: 8.5% !important;}\u00bb]<div class=\"edgtf-separator-holder clearfix  edgtf-separator-center\">\n\t<div class=\"edgtf-separator\" ><\/div>\n<\/div>\n[vc_column_text]<\/p>\n<h2 class=\"section-title xxl\" style=\"text-align: left;\"><strong>Contacte con nosotros<\/strong><\/h2>\n<p>[\/vc_column_text][vc_column_text]<strong>AVISO IMPORTANTE. Debido a la COVID-19, en estos momentos no atendemos consultas a trav\u00e9s de los tel\u00e9fonos de nuestras oficinas. Por tanto, le rogamos que nos env\u00ede un correo electr\u00f3nico a contact@masabi.com<\/strong><\/p>\n<p class=\"section-title xxl\"><strong>Correo electr\u00f3nico:<\/strong> contact@masabi.com<br \/>\n<strong>Tel\u00e9fono para Europa:<\/strong> +44 (0)20 7089 8860<br \/>\nTwitter: <a href=\"https:\/\/twitter.com\/Masabi_com\">@Masabi_com<\/a><br \/>\nTwitter: <a href=\"https:\/\/twitter.com\/Justride\">@Justride<\/a><br \/>\nFax: +44 207 900 3817 (Reino Unido)<br \/>\nFax: +1 646 619 4790 (Estados Unidos)<\/p>\n<p>[\/vc_column_text][\/vc_column][vc_column width=\u00bb1\/2&#8243;]<div class=\"edgtf-separator-holder clearfix  edgtf-separator-center\">\n\t<div class=\"edgtf-separator\" style=\"border-color: rgba(255,255,255,0.01);border-bottom-width: 1px;margin-top: 40px;margin-bottom: 0px\"><\/div>\n<\/div>\n[vc_single_image image=\u00bb17152&#8243; img_size=\u00bbmedium\u00bb alignment=\u00bbcenter\u00bb][\/vc_column][\/vc_row][vc_row content_width=\u00bbgrid\u00bb][vc_column][vc_column_text]<\/p>\n<h2 style=\"text-align: left;\"><strong>Oficinas de Masabi<\/strong><\/h2>\n<p>[\/vc_column_text][\/vc_column][\/vc_row][vc_row content_width=\u00bbgrid\u00bb css=\u00bb.vc_custom_1570561599082{padding-top: 71px !important;padding-bottom: 60px !important;background-color: #ffffff !important;}\u00bb][vc_column width=\u00bb1\/4&#8243; css=\u00bb.vc_custom_1454592717477{padding-right: 8.5% !important;}\u00bb][vc_column_text]<strong>Oficina de Nueva York <\/strong><\/p>\n<p>205 E 42nd St, Ste 14003 New York, New York 10017<\/p>\n<p>Correo electr\u00f3nico: Contact@masabi.com<\/p>\n<p><em>(Domicilio social: <span style=\"line-height: 1.5;\">1330 Avenue of the Americas, Suite 23A, New York, NY 10019) <\/span> <\/em><\/p>\n<p>[\/vc_column_text][\/vc_column][vc_column width=\u00bb1\/4&#8243;][vc_column_text]<strong>Oficina de Reino Unido<\/strong><\/p>\n<p>100 Avebury Boulevard, Milton Keynes, MK9 1FH<\/p>\n<p>Tel\u00e9fono: +44 (0)20 7089 8860<\/p>\n<p>Correo electr\u00f3nico: Contact@masabi.com[\/vc_column_text][\/vc_column][vc_column width=\u00bb1\/4&#8243;][vc_column_text]<strong>Oficina de Cluj<\/strong><\/p>\n<p><span style=\"line-height: 1.5;\">United Business Centre Riviera &#8211; UBC<br \/>\nStrada Teodor Mihali, nr. 64, Cluj-Napoca 400591, Ruman\u00eda<\/span><\/p>\n<p>Correo electr\u00f3nico: Contact@masabi.com[\/vc_column_text][\/vc_column][vc_column width=\u00bb1\/4&#8243;][vc_column_text]<strong>Oficina de Denver <\/strong><\/p>\n<p>Triangle Building, 1550 Wewatta Street, Denver, CO 80202<\/p>\n<p>Correo electr\u00f3nico: Contact@masabi.com[\/vc_column_text][\/vc_column][\/vc_row][vc_row content_width=\u00bbgrid\u00bb][vc_column][vc_column_text]<\/p>\n<h2 style=\"text-align: left;\"><strong>S\u00edganos<\/strong><\/h2>\n<p>[\/vc_column_text][\/vc_column][\/vc_row][vc_row content_width=\u00bbgrid\u00bb content_aligment=\u00bbcenter\u00bb][vc_column width=\u00bb1\/3&#8243;]<div class=\"edgtf-separator-holder clearfix  edgtf-separator-center\">\n\t<div class=\"edgtf-separator\" ><\/div>\n<\/div>\n<div class=\"edgtf-separator-holder clearfix  edgtf-separator-center\">\n\t<div class=\"edgtf-separator\" ><\/div>\n<\/div>\n\n    <span class=\"edgtf-icon-shortcode normal edgtf-icon-huge\"  data-color=\"#333333\">\n                    <a href=\"https:\/\/www.facebook.com\/MasabiHQ\/\" target=\"_self\">\n        \n        <i class=\"edgtf-icon-font-awesome fa fa-facebook-official edgtf-icon-element\" style=\"color: #333333\" ><\/i>\n                    <\/a>\n            <\/span>\n\n<div class=\"edgtf-separator-holder clearfix  edgtf-separator-center\">\n\t<div class=\"edgtf-separator\" ><\/div>\n<\/div>\n<div class=\"edgtf-separator-holder clearfix  edgtf-separator-center\">\n\t<div class=\"edgtf-separator\" ><\/div>\n<\/div>\n<div class=\"edgtf-separator-holder clearfix  edgtf-separator-center\">\n\t<div class=\"edgtf-separator\" ><\/div>\n<\/div>\n[\/vc_column][vc_column width=\u00bb1\/3&#8243;]<div class=\"edgtf-separator-holder clearfix  edgtf-separator-center\">\n\t<div class=\"edgtf-separator\" ><\/div>\n<\/div>\n<div class=\"edgtf-separator-holder clearfix  edgtf-separator-center\">\n\t<div class=\"edgtf-separator\" ><\/div>\n<\/div>\n\n    <span class=\"edgtf-icon-shortcode normal edgtf-icon-huge\"  data-color=\"#333333\">\n                    <a href=\"https:\/\/twitter.com\/Masabi_com\" target=\"_self\">\n        \n        <i class=\"edgtf-icon-font-awesome fa fa-twitter edgtf-icon-element\" style=\"color: #333333\" ><\/i>\n                    <\/a>\n            <\/span>\n\n<div class=\"edgtf-separator-holder clearfix  edgtf-separator-center\">\n\t<div class=\"edgtf-separator\" ><\/div>\n<\/div>\n<div class=\"edgtf-separator-holder clearfix  edgtf-separator-center\">\n\t<div class=\"edgtf-separator\" ><\/div>\n<\/div>\n<div class=\"edgtf-separator-holder clearfix  edgtf-separator-center\">\n\t<div class=\"edgtf-separator\" ><\/div>\n<\/div>\n[\/vc_column][vc_column width=\u00bb1\/3&#8243;]<div class=\"edgtf-separator-holder clearfix  edgtf-separator-center\">\n\t<div class=\"edgtf-separator\" ><\/div>\n<\/div>\n<div class=\"edgtf-separator-holder clearfix  edgtf-separator-center\">\n\t<div class=\"edgtf-separator\" ><\/div>\n<\/div>\n\n    <span class=\"edgtf-icon-shortcode normal edgtf-icon-huge\"  data-color=\"#333333\">\n                    <a href=\"https:\/\/www.linkedin.com\/company\/masabi?\" target=\"_self\">\n        \n        <i class=\"edgtf-icon-font-awesome fa fa-linkedin edgtf-icon-element\" style=\"color: #333333\" ><\/i>\n                    <\/a>\n            <\/span>\n\n<div class=\"edgtf-separator-holder clearfix  edgtf-separator-center\">\n\t<div class=\"edgtf-separator\" ><\/div>\n<\/div>\n<div class=\"edgtf-separator-holder clearfix  edgtf-separator-center\">\n\t<div class=\"edgtf-separator\" ><\/div>\n<\/div>\n<div class=\"edgtf-separator-holder clearfix  edgtf-separator-center\">\n\t<div class=\"edgtf-separator\" ><\/div>\n<\/div>\n[\/vc_column][\/vc_row][vc_row content_width=\u00bbgrid\u00bb content_aligment=\u00bbcenter\u00bb css=\u00bb.vc_custom_1570543723896{background-color: #333333 !important;}\u00bb][vc_column]<div class=\"edgtf-separator-holder clearfix  edgtf-separator-center\">\n\t<div class=\"edgtf-separator\" ><\/div>\n<\/div>\n<div class=\"edgtf-separator-holder clearfix  edgtf-separator-center\">\n\t<div class=\"edgtf-separator\" ><\/div>\n<\/div>\n<div class=\"edgtf-separator-holder clearfix  edgtf-separator-center\">\n\t<div class=\"edgtf-separator\" ><\/div>\n<\/div>\n<div class=\"edgtf-separator-holder clearfix  edgtf-separator-center\">\n\t<div class=\"edgtf-separator\" ><\/div>\n<\/div>\n<div class=\"edgtf-separator-holder clearfix  edgtf-separator-center\">\n\t<div class=\"edgtf-separator\" ><\/div>\n<\/div>\n<div class=\"edgtf-separator-holder clearfix  edgtf-separator-center\">\n\t<div class=\"edgtf-separator\" ><\/div>\n<\/div>\n[vc_column_text]<\/p>\n<h4 style=\"text-align: center;\"><strong>Si desea dejarnos un mensaje, haga clic en el siguiente bot\u00f3n:<\/strong><\/h4>\n<p>[\/vc_column_text]<div class=\"edgtf-separator-holder clearfix  edgtf-separator-center\">\n\t<div class=\"edgtf-separator\" ><\/div>\n<\/div>\n<a href=\"https:\/\/info.masabi.com\/get-in-contact-with-masabi\" target=\"_self\" style=\"color: #f44747;border-color: #f44747;font-size: 25px;font-weight: 400\" class=\"edgtf-btn edgtf-btn-medium edgtf-btn-outline edgtf-btn-custom-border-hover edgtf-btn-custom-hover-color btn-has-radius\" data-hover-color=\"#81d742\" data-hover-border-color=\"#81d742\" >\n   \t   \t\t<span class=\"edgtf-button-background edgtf-before\"><\/span>\n   \t\t<span class=\"edgtf-button-background edgtf-after\"><\/span>\n   \t    <span class=\"edgtf-btn-text\">Contacte con nosotros<\/span>\n    <\/a><div class=\"edgtf-separator-holder clearfix  edgtf-separator-center\">\n\t<div class=\"edgtf-separator\" ><\/div>\n<\/div>\n<div class=\"edgtf-separator-holder clearfix  edgtf-separator-center\">\n\t<div class=\"edgtf-separator\" ><\/div>\n<\/div>\n<div class=\"edgtf-separator-holder clearfix  edgtf-separator-center\">\n\t<div class=\"edgtf-separator\" ><\/div>\n<\/div>\n<div class=\"edgtf-separator-holder clearfix  edgtf-separator-center\">\n\t<div class=\"edgtf-separator\" ><\/div>\n<\/div>\n<div class=\"edgtf-separator-holder clearfix  edgtf-separator-center\">\n\t<div class=\"edgtf-separator\" ><\/div>\n<\/div>\n<div class=\"edgtf-separator-holder clearfix  edgtf-separator-center\">\n\t<div class=\"edgtf-separator\" ><\/div>\n<\/div>\n<div class=\"edgtf-separator-holder clearfix  edgtf-separator-center\">\n\t<div class=\"edgtf-separator\" ><\/div>\n<\/div>\n[\/vc_column][\/vc_row]<\/p>\n","protected":false},"excerpt":{"rendered":"<p>[vc_row content_width=\u00bbgrid\u00bb css=\u00bb.vc_custom_1541177027450{background-color: #ffffff !important;}\u00bb][vc_column width=\u00bb2\/3&#8243;][vc_column_text] Acerca de Masabi [\/vc_column_text][vc_column_text] Masabi ha experimentado una gran evoluci\u00f3n desde sus inicios en 2007, cuando lanz\u00f3 su primera aplicaci\u00f3n de recaudaci\u00f3n para m\u00f3viles en Reino Unido junto a Chiltern Railways. Desde entonces, hemos trabajado duro para revolucionar los sistemas de recaudaci\u00f3n dentro del [&hellip;]<\/p>\n","protected":false},"author":21,"featured_media":0,"parent":0,"menu_order":0,"comment_status":"closed","ping_status":"closed","template":"full-width.php","meta":{"footnotes":""},"class_list":["post-13450","page","type-page","status-publish","hentry"],"yoast_head":"<!-- This site is optimized with the Yoast SEO plugin v18.8 - https:\/\/yoast.com\/wordpress\/plugins\/seo\/ -->\n<title>Acerca de Masabi - Contacte con nosotros<\/title>\n<meta name=\"description\" content=\"Masabi trabaja para conseguir un transporte m\u00e1s inteligente mediante la simplificaci\u00f3n de la recaudaci\u00f3n y la mejora de los sistemas de recaudaci\u00f3n, la validaci\u00f3n y la gesti\u00f3n de proveedores de transporte de todo el mundo.\" \/>\n<meta name=\"robots\" content=\"index, follow, max-snippet:-1, max-image-preview:large, max-video-preview:-1\" \/>\n<link rel=\"canonical\" href=\"https:\/\/www.masabi.com\/es\/sobre-masabi\/\" \/>\n<meta property=\"og:locale\" content=\"es_ES\" \/>\n<meta property=\"og:type\" content=\"article\" \/>\n<meta property=\"og:title\" content=\"Acerca de Masabi - Contacte con nosotros\" \/>\n<meta property=\"og:description\" content=\"Masabi trabaja para conseguir un transporte m\u00e1s inteligente mediante la simplificaci\u00f3n de la recaudaci\u00f3n y la mejora de los sistemas de recaudaci\u00f3n, la validaci\u00f3n y la gesti\u00f3n de proveedores de transporte de todo el mundo.\" \/>\n<meta property=\"og:url\" content=\"https:\/\/www.masabi.com\/es\/sobre-masabi\/\" \/>\n<meta property=\"og:site_name\" content=\"Masabi\" \/>\n<meta property=\"article:publisher\" content=\"https:\/\/www.facebook.com\/MasabiHQ\/?fref=ts\" \/>\n<meta property=\"article:modified_time\" content=\"2023-05-19T14:38:13+00:00\" \/>\n<meta name=\"twitter:label1\" content=\"Tiempo de lectura\" \/>\n\t<meta name=\"twitter:data1\" content=\"2 minutos\" \/>\n<script type=\"application\/ld+json\" class=\"yoast-schema-graph\">{\"@context\":\"https:\/\/schema.org\",\"@graph\":[{\"@type\":\"Organization\",\"@id\":\"https:\/\/www.masabi.com\/fr\/#organization\",\"name\":\"Masabi Ltd\",\"url\":\"https:\/\/www.masabi.com\/fr\/\",\"sameAs\":[\"https:\/\/www.facebook.com\/MasabiHQ\/?fref=ts\",\"https:\/\/www.linkedin.com\/company\/masabi?trk=top_nav_home\",\"https:\/\/twitter.com\/masabi_com\"],\"logo\":{\"@type\":\"ImageObject\",\"inLanguage\":\"es\",\"@id\":\"https:\/\/www.masabi.com\/fr\/#\/schema\/logo\/image\/\",\"url\":\"https:\/\/www.masabi.com\/wp-content\/uploads\/2017\/10\/LMasabi-logo-300.png\",\"contentUrl\":\"https:\/\/www.masabi.com\/wp-content\/uploads\/2017\/10\/LMasabi-logo-300.png\",\"width\":300,\"height\":169,\"caption\":\"Masabi Ltd\"},\"image\":{\"@id\":\"https:\/\/www.masabi.com\/fr\/#\/schema\/logo\/image\/\"}},{\"@type\":\"WebSite\",\"@id\":\"https:\/\/www.masabi.com\/fr\/#website\",\"url\":\"https:\/\/www.masabi.com\/fr\/\",\"name\":\"Masabi\",\"description\":\"Fare Payments-as-a-Service\",\"publisher\":{\"@id\":\"https:\/\/www.masabi.com\/fr\/#organization\"},\"potentialAction\":[{\"@type\":\"SearchAction\",\"target\":{\"@type\":\"EntryPoint\",\"urlTemplate\":\"https:\/\/www.masabi.com\/fr\/?s={search_term_string}\"},\"query-input\":\"required name=search_term_string\"}],\"inLanguage\":\"es\"},{\"@type\":\"WebPage\",\"@id\":\"https:\/\/www.masabi.com\/es\/sobre-masabi\/#webpage\",\"url\":\"https:\/\/www.masabi.com\/es\/sobre-masabi\/\",\"name\":\"Acerca de Masabi - Contacte con nosotros\",\"isPartOf\":{\"@id\":\"https:\/\/www.masabi.com\/fr\/#website\"},\"datePublished\":\"2018-03-20T22:37:36+00:00\",\"dateModified\":\"2023-05-19T14:38:13+00:00\",\"description\":\"Masabi trabaja para conseguir un transporte m\u00e1s inteligente mediante la simplificaci\u00f3n de la recaudaci\u00f3n y la mejora de los sistemas de recaudaci\u00f3n, la validaci\u00f3n y la gesti\u00f3n de proveedores de transporte de todo el mundo.\",\"breadcrumb\":{\"@id\":\"https:\/\/www.masabi.com\/es\/sobre-masabi\/#breadcrumb\"},\"inLanguage\":\"es\",\"potentialAction\":[{\"@type\":\"ReadAction\",\"target\":[\"https:\/\/www.masabi.com\/es\/sobre-masabi\/\"]}]},{\"@type\":\"BreadcrumbList\",\"@id\":\"https:\/\/www.masabi.com\/es\/sobre-masabi\/#breadcrumb\",\"itemListElement\":[{\"@type\":\"ListItem\",\"position\":1,\"name\":\"Home\",\"item\":\"https:\/\/www.masabi.com\/es\/\"},{\"@type\":\"ListItem\",\"position\":2,\"name\":\"Acerca de Masabi\"}]}]}<\/script>\n<!-- \/ Yoast SEO plugin. -->","yoast_head_json":{"title":"Acerca de Masabi - Contacte con nosotros","description":"Masabi trabaja para conseguir un transporte m\u00e1s inteligente mediante la simplificaci\u00f3n de la recaudaci\u00f3n y la mejora de los sistemas de recaudaci\u00f3n, la validaci\u00f3n y la gesti\u00f3n de proveedores de transporte de todo el mundo.","robots":{"index":"index","follow":"follow","max-snippet":"max-snippet:-1","max-image-preview":"max-image-preview:large","max-video-preview":"max-video-preview:-1"},"canonical":"https:\/\/www.masabi.com\/es\/sobre-masabi\/","og_locale":"es_ES","og_type":"article","og_title":"Acerca de Masabi - Contacte con nosotros","og_description":"Masabi trabaja para conseguir un transporte m\u00e1s inteligente mediante la simplificaci\u00f3n de la recaudaci\u00f3n y la mejora de los sistemas de recaudaci\u00f3n, la validaci\u00f3n y la gesti\u00f3n de proveedores de transporte de todo el mundo.","og_url":"https:\/\/www.masabi.com\/es\/sobre-masabi\/","og_site_name":"Masabi","article_publisher":"https:\/\/www.facebook.com\/MasabiHQ\/?fref=ts","article_modified_time":"2023-05-19T14:38:13+00:00","twitter_misc":{"Tiempo de lectura":"2 minutos"},"schema":{"@context":"https:\/\/schema.org","@graph":[{"@type":"Organization","@id":"https:\/\/www.masabi.com\/fr\/#organization","name":"Masabi Ltd","url":"https:\/\/www.masabi.com\/fr\/","sameAs":["https:\/\/www.facebook.com\/MasabiHQ\/?fref=ts","https:\/\/www.linkedin.com\/company\/masabi?trk=top_nav_home","https:\/\/twitter.com\/masabi_com"],"logo":{"@type":"ImageObject","inLanguage":"es","@id":"https:\/\/www.masabi.com\/fr\/#\/schema\/logo\/image\/","url":"https:\/\/www.masabi.com\/wp-content\/uploads\/2017\/10\/LMasabi-logo-300.png","contentUrl":"https:\/\/www.masabi.com\/wp-content\/uploads\/2017\/10\/LMasabi-logo-300.png","width":300,"height":169,"caption":"Masabi Ltd"},"image":{"@id":"https:\/\/www.masabi.com\/fr\/#\/schema\/logo\/image\/"}},{"@type":"WebSite","@id":"https:\/\/www.masabi.com\/fr\/#website","url":"https:\/\/www.masabi.com\/fr\/","name":"Masabi","description":"Fare Payments-as-a-Service","publisher":{"@id":"https:\/\/www.masabi.com\/fr\/#organization"},"potentialAction":[{"@type":"SearchAction","target":{"@type":"EntryPoint","urlTemplate":"https:\/\/www.masabi.com\/fr\/?s={search_term_string}"},"query-input":"required name=search_term_string"}],"inLanguage":"es"},{"@type":"WebPage","@id":"https:\/\/www.masabi.com\/es\/sobre-masabi\/#webpage","url":"https:\/\/www.masabi.com\/es\/sobre-masabi\/","name":"Acerca de Masabi - Contacte con nosotros","isPartOf":{"@id":"https:\/\/www.masabi.com\/fr\/#website"},"datePublished":"2018-03-20T22:37:36+00:00","dateModified":"2023-05-19T14:38:13+00:00","description":"Masabi trabaja para conseguir un transporte m\u00e1s inteligente mediante la simplificaci\u00f3n de la recaudaci\u00f3n y la mejora de los sistemas de recaudaci\u00f3n, la validaci\u00f3n y la gesti\u00f3n de proveedores de transporte de todo el mundo.","breadcrumb":{"@id":"https:\/\/www.masabi.com\/es\/sobre-masabi\/#breadcrumb"},"inLanguage":"es","potentialAction":[{"@type":"ReadAction","target":["https:\/\/www.masabi.com\/es\/sobre-masabi\/"]}]},{"@type":"BreadcrumbList","@id":"https:\/\/www.masabi.com\/es\/sobre-masabi\/#breadcrumb","itemListElement":[{"@type":"ListItem","position":1,"name":"Home","item":"https:\/\/www.masabi.com\/es\/"},{"@type":"ListItem","position":2,"name":"Acerca de Masabi"}]}]}},"_links":{"self":[{"href":"https:\/\/www.masabi.com\/es\/wp-json\/wp\/v2\/pages\/13450","targetHints":{"allow":["GET"]}}],"collection":[{"href":"https:\/\/www.masabi.com\/es\/wp-json\/wp\/v2\/pages"}],"about":[{"href":"https:\/\/www.masabi.com\/es\/wp-json\/wp\/v2\/types\/page"}],"author":[{"embeddable":true,"href":"https:\/\/www.masabi.com\/es\/wp-json\/wp\/v2\/users\/21"}],"replies":[{"embeddable":true,"href":"https:\/\/www.masabi.com\/es\/wp-json\/wp\/v2\/comments?post=13450"}],"version-history":[{"count":0,"href":"https:\/\/www.masabi.com\/es\/wp-json\/wp\/v2\/pages\/13450\/revisions"}],"wp:attachment":[{"href":"https:\/\/www.masabi.com\/es\/wp-json\/wp\/v2\/media?parent=13450"}],"curies":[{"name":"wp","href":"https:\/\/api.w.org\/{rel}","templated":true}]}}