{"id":13452,"date":"2018-03-22T15:26:00","date_gmt":"2018-03-22T15:26:00","guid":{"rendered":"https:\/\/www.masabi.com\/?page_id=13452"},"modified":"2021-09-27T10:35:54","modified_gmt":"2021-09-27T10:35:54","slug":"equipo-directivo-de-masabi","status":"publish","type":"page","link":"https:\/\/www.masabi.com\/es\/equipo-directivo-de-masabi\/","title":{"rendered":"Equipo directivo de Masabi"},"content":{"rendered":"<p>[vc_row content_width=\u00bbgrid\u00bb][vc_column]<div class=\"edgtf-separator-holder clearfix  edgtf-separator-center\">\n\t<div class=\"edgtf-separator\" ><\/div>\n<\/div>\n[vc_column_text]<\/p>\n<h1 style=\"text-align: center;\"><strong>Equipo directivo de Masabi<\/strong><\/h1>\n<p>[\/vc_column_text]<div class=\"edgtf-separator-holder clearfix  edgtf-separator-center\">\n\t<div class=\"edgtf-separator\" ><\/div>\n<\/div>\n[\/vc_column][\/vc_row][vc_row content_width=\u00bbgrid\u00bb][vc_column width=\u00bb2\/3&#8243;]<div class=\"edgtf-separator-holder clearfix  edgtf-separator-center\">\n\t<div class=\"edgtf-separator\" ><\/div>\n<\/div>\n<div class=\"edgtf-separator-holder clearfix  edgtf-separator-center\">\n\t<div class=\"edgtf-separator\" ><\/div>\n<\/div>\n[vc_column_text]<\/p>\n<h3>Brian Zanghi, CEO<\/h3>\n<p>Brian es CEO y presidente de Masabi. Su objetivo es promover el r\u00e1pido crecimiento de la empresa a nivel mundial, as\u00ed como su continuo desarrollo para que el equipo pueda seguir con la prestaci\u00f3n de sus servicios en el mercado de la recaudaci\u00f3n para m\u00f3viles, caracterizado por su constante evoluci\u00f3n. Avalado por sus 20 a\u00f1os de experiencia en el sector del software, su trabajo consiste en crear empresas de SaaS que puedan competir en el mercado global.<\/p>\n<p>Antes de unirse a Masabi, Brian desempe\u00f1\u00f3 el cargo de CEO en Awareness Inc, un proveedor de software de marketing social. Anteriormente, hab\u00eda trabajado como CEO en Kadient y ocupado diversos puestos ejecutivos en empresas de software como SPSS, NetGenesis y eRoom.<\/p>\n<h3><\/h3>\n<p>[\/vc_column_text]<div class=\"edgtf-separator-holder clearfix  edgtf-separator-center\">\n\t<div class=\"edgtf-separator\" ><\/div>\n<\/div>\n[\/vc_column][vc_column width=\u00bb1\/3&#8243;]<div class=\"edgtf-separator-holder clearfix  edgtf-separator-center\">\n\t<div class=\"edgtf-separator\" ><\/div>\n<\/div>\n<div class=\"edgtf-separator-holder clearfix  edgtf-separator-center\">\n\t<div class=\"edgtf-separator\" ><\/div>\n<\/div>\n[vc_single_image image=\u00bb10748&#8243; img_size=\u00bbmedium\u00bb alignment=\u00bbcenter\u00bb css=\u00bb.vc_custom_1461586069898{padding-top: 100px !important;}\u00bb]<div class=\"edgtf-separator-holder clearfix  edgtf-separator-center\">\n\t<div class=\"edgtf-separator\" ><\/div>\n<\/div>\n[\/vc_column][\/vc_row][vc_row content_width=\u00bbgrid\u00bb][vc_column width=\u00bb2\/3&#8243;]<div class=\"edgtf-separator-holder clearfix  edgtf-separator-center\">\n\t<div class=\"edgtf-separator\" ><\/div>\n<\/div>\n<div class=\"edgtf-separator-holder clearfix  edgtf-separator-center\">\n\t<div class=\"edgtf-separator\" ><\/div>\n<\/div>\n[vc_column_text]<\/p>\n<h3>Ben Whitaker, responsable de Innovaci\u00f3n<\/h3>\n<p>Adem\u00e1s de cofundador de Masabi, podr\u00edamos decir que Ben es la persona que m\u00e1s fervientemente aboga por el producto de la empresa. Su objetivo principal es el desarrollo del negocio. Su rostro es ampliamente conocido en el sector ferroviario y de telefon\u00eda m\u00f3vil y, adem\u00e1s, suele recibir invitaciones a entrevistas y conferencias de la industria celebradas en todo el mundo.<\/p>\n<p>Sus cualidades de visionario le sirvieron para ayudar a definir el est\u00e1ndar sobre recaudaci\u00f3n para m\u00f3viles en la red ferroviaria de Reino Unido superando las expectativas del sector. Adem\u00e1s, cuenta con una gran experiencia en materia de seguridad y un s\u00f3lido historial en ingenier\u00eda, y se encarg\u00f3 de dise\u00f1ar el galardonado producto de Masabi encryptMe. Antes de fundar Masabi, Ben trabaj\u00f3 en IBM, Xerox y Raytheon (sistemas de radar cifrados). Ben ostenta un t\u00edtulo de m\u00e1ster en Ingenier\u00eda y Gesti\u00f3n (MET) de la Universidad de Cambridge.[\/vc_column_text]<div class=\"edgtf-separator-holder clearfix  edgtf-separator-center\">\n\t<div class=\"edgtf-separator\" ><\/div>\n<\/div>\n<div class=\"edgtf-separator-holder clearfix  edgtf-separator-center\">\n\t<div class=\"edgtf-separator\" ><\/div>\n<\/div>\n[\/vc_column][vc_column width=\u00bb1\/3&#8243;]<div class=\"edgtf-separator-holder clearfix  edgtf-separator-center\">\n\t<div class=\"edgtf-separator\" ><\/div>\n<\/div>\n<div class=\"edgtf-separator-holder clearfix  edgtf-separator-center\">\n\t<div class=\"edgtf-separator\" ><\/div>\n<\/div>\n[vc_single_image image=\u00bb10747&#8243; img_size=\u00bbmedium\u00bb alignment=\u00bbcenter\u00bb css=\u00bb.vc_custom_1461586461066{padding-top: 110px !important;}\u00bb]<div class=\"edgtf-separator-holder clearfix  edgtf-separator-center\">\n\t<div class=\"edgtf-separator\" ><\/div>\n<\/div>\n[\/vc_column][\/vc_row][vc_row content_width=\u00bbgrid\u00bb][vc_column width=\u00bb2\/3&#8243;]<div class=\"edgtf-separator-holder clearfix  edgtf-separator-center\">\n\t<div class=\"edgtf-separator\" ><\/div>\n<\/div>\n[vc_column_text]<\/p>\n<h3>Tom Godber, cofundador y responsable de Producto<\/h3>\n<p>Tom es uno de los cofundadores de Masabi y un experto en programaci\u00f3n m\u00f3vil al que le apasionan las ramas de dise\u00f1o y usabilidad. Sus amplios conocimientos sobre las tendencias actuales de un mercado tan cambiante como el de la telefon\u00eda m\u00f3vil, le permiten definir los objetivos estrat\u00e9gicos a nivel t\u00e9cnico y los planes de implementaci\u00f3n necesarios para que Masabi pueda satisfacer las necesidades de sus usuarios finales.<\/p>\n<p>Tom lleva a\u00f1os creando aplicaciones m\u00f3viles, servidores e infraestructuras, trabajando en la resoluci\u00f3n de problemas y construyendo una plataforma de juegos que procesa actualmente millones de d\u00f3lares al mes. Antes de fundar Masabi, trabaj\u00f3 con Accenture y Trilogy Software y, adem\u00e1s, fund\u00f3 MoMo Estonia. Adem\u00e1s, cuenta con un M\u00e1ster en Ciencias Inform\u00e1ticas de la Universidad de Cambridge.[\/vc_column_text]<div class=\"edgtf-separator-holder clearfix  edgtf-separator-center\">\n\t<div class=\"edgtf-separator\" ><\/div>\n<\/div>\n<div class=\"edgtf-separator-holder clearfix  edgtf-separator-center\">\n\t<div class=\"edgtf-separator\" ><\/div>\n<\/div>\n[\/vc_column][vc_column width=\u00bb1\/3&#8243;]<div class=\"edgtf-separator-holder clearfix  edgtf-separator-center\">\n\t<div class=\"edgtf-separator\" ><\/div>\n<\/div>\n[vc_single_image image=\u00bb12302&#8243; img_size=\u00bbmedium\u00bb alignment=\u00bbcenter\u00bb css=\u00bb.vc_custom_1468504528740{padding-top: 100px !important;}\u00bb]<div class=\"edgtf-separator-holder clearfix  edgtf-separator-center\">\n\t<div class=\"edgtf-separator\" ><\/div>\n<\/div>\n[\/vc_column][\/vc_row][vc_row content_width=\u00bbgrid\u00bb][vc_column width=\u00bb2\/3&#8243;]<div class=\"edgtf-separator-holder clearfix  edgtf-separator-center\">\n\t<div class=\"edgtf-separator\" ><\/div>\n<\/div>\n[vc_column_text]<\/p>\n<h3>Sara Poulton, vicepresidenta de Servicios<\/h3>\n<p>Como responsable de Servicios de Masabi, Sara se encarga de la provisi\u00f3n de servicios, la gesti\u00f3n de cuentas y la asistencia al cliente para garantizar que nuestros usuarios puedan disfrutar de una implementaci\u00f3n \u00f3ptima y de un soporte continuo cuando decidan optar por el uso de una plataforma de recaudaci\u00f3n para m\u00f3viles.<\/p>\n<p>A lo largo de su carrera ha desarrollado satisfactoriamente servicios profesionales y equipos de consultor\u00eda, y tambi\u00e9n ha ocupado el cargo de vicepresidenta de Marketing y directora de Productos en diversas empresas B2B. Adem\u00e1s, ha conseguido lanzar con \u00e9xito aplicaciones m\u00f3viles para la habilitaci\u00f3n de ventas.<\/p>\n<p>M\u00e1s recientemente, ha ocupado el cargo de vicepresidenta de Servicios Profesionales Globales en Avention (antiguamente conocida como OneSource), y ha trabajado en distintas ramas como las soluciones de datos para ventas y marketing, incluidas las aplicaciones m\u00f3viles para responsables de habilitaci\u00f3n de ventas y gesti\u00f3n, el desarrollo de aplicaciones y la ingenier\u00eda de preventa. Adem\u00e1s, obtuvo un MBA en Simmons College (EE.&nbsp;UU.) y est\u00e1 licenciada en Historia de la Econom\u00eda por la Universidad de Londres.[\/vc_column_text]<div class=\"edgtf-separator-holder clearfix  edgtf-separator-center\">\n\t<div class=\"edgtf-separator\" ><\/div>\n<\/div>\n<div class=\"edgtf-separator-holder clearfix  edgtf-separator-center\">\n\t<div class=\"edgtf-separator\" ><\/div>\n<\/div>\n[\/vc_column][vc_column width=\u00bb1\/3&#8243;][vc_single_image image=\u00bb10863&#8243; img_size=\u00bbmedium\u00bb alignment=\u00bbcenter\u00bb css=\u00bb.vc_custom_1461586472707{padding-top: 130px !important;}\u00bb][\/vc_column][\/vc_row][vc_row content_width=\u00bbgrid\u00bb][vc_column width=\u00bb2\/3&#8243;]<div class=\"edgtf-separator-holder clearfix  edgtf-separator-center\">\n\t<div class=\"edgtf-separator\" ><\/div>\n<\/div>\n[vc_column_text]<\/p>\n<h3>Matt Jones, CFO<\/h3>\n<p>Matt es el director financiero de Masabi y su misi\u00f3n consiste en favorecer el desarrollo financiero, comercial y estrat\u00e9gico a medida que la empresa crece y se abre a nuevos mercados. Se uni\u00f3 a nosotros en febrero de 2012 procedente de PricewaterhouseCoopers, en Londres, tras dedicarse durante 11 a\u00f1os al asesoramiento de clientes de capital de riesgo y corporativos en sus adquisiciones, desinversiones y mejoras operativas.<\/p>\n<p>Durante ese periodo, Matt trabaj\u00f3 en proyectos de distintos sectores como la tecnolog\u00eda, los medios de comunicaci\u00f3n y las telecomunicaciones con clientes de Europa, Oriente Medio y Estados Unidos, entre otros. Adem\u00e1s, es contador p\u00fablico desde 2003 y se gradu\u00f3 en Econom\u00eda en la Universidad de Exeter.[\/vc_column_text]<div class=\"edgtf-separator-holder clearfix  edgtf-separator-center\">\n\t<div class=\"edgtf-separator\" ><\/div>\n<\/div>\n<div class=\"edgtf-separator-holder clearfix  edgtf-separator-center\">\n\t<div class=\"edgtf-separator\" ><\/div>\n<\/div>\n[\/vc_column][vc_column width=\u00bb1\/3&#8243;]<div class=\"edgtf-separator-holder clearfix  edgtf-separator-center\">\n\t<div class=\"edgtf-separator\" ><\/div>\n<\/div>\n[vc_single_image image=\u00bb12304&#8243; img_size=\u00bbmedium\u00bb alignment=\u00bbcenter\u00bb css=\u00bb.vc_custom_1468504550174{padding-top: 100px !important;}\u00bb]<div class=\"edgtf-separator-holder clearfix  edgtf-separator-center\">\n\t<div class=\"edgtf-separator\" ><\/div>\n<\/div>\n<div class=\"edgtf-separator-holder clearfix  edgtf-separator-center\">\n\t<div class=\"edgtf-separator\" ><\/div>\n<\/div>\n[\/vc_column][\/vc_row][vc_row content_width=\u00bbgrid\u00bb][vc_column width=\u00bb2\/3&#8243;]<div class=\"edgtf-separator-holder clearfix  edgtf-separator-center\">\n\t<div class=\"edgtf-separator\" ><\/div>\n<\/div>\n[vc_column_text]<\/p>\n<h3>Josh Nicklin, responsable de Ventas Globales<\/h3>\n<p>Josh Nicklin, responsable de Ventas Globales de Masabi, est\u00e1 detr\u00e1s de algunas de las implementaciones de recaudaci\u00f3n para m\u00f3viles m\u00e1s importantes llevadas a cabo en todo el mundo. Su experiencia profesional gira en torno al sector de la telefon\u00eda m\u00f3vil, en el que ha estado trabajando m\u00e1s de una d\u00e9cada para empresas como Trinity Mirror PLC, AKQA y Netplay TV PLC. Antes de llegar a Masabi, Josh fund\u00f3 Touch Mobile a ra\u00edz de la compra de un servicio de juegos de Netplay TV, la cual vendi\u00f3 con \u00e9xito para, posteriormente, crear otra organizaci\u00f3n relacionada con el marketing para m\u00f3viles. En su cargo anterior como responsable de Marketing en Masabi se dedic\u00f3 a gestionar la colaboraci\u00f3n con los clientes en actividades promocionales que dieron lugar a la primera implementaci\u00f3n satisfactoria de un sistema de recaudaci\u00f3n para m\u00f3viles en Estados Unidos, introduciendo Justride en la red ferroviaria de cercan\u00edas de Boston.[\/vc_column_text]<div class=\"edgtf-separator-holder clearfix  edgtf-separator-center\">\n\t<div class=\"edgtf-separator\" ><\/div>\n<\/div>\n<div class=\"edgtf-separator-holder clearfix  edgtf-separator-center\">\n\t<div class=\"edgtf-separator\" ><\/div>\n<\/div>\n[\/vc_column][vc_column width=\u00bb1\/3&#8243; css=\u00bb.vc_custom_1461585797816{padding-top: 100px !important;}\u00bb]<div class=\"edgtf-separator-holder clearfix  edgtf-separator-center\">\n\t<div class=\"edgtf-separator\" ><\/div>\n<\/div>\n[vc_single_image image=\u00bb10804&#8243; img_size=\u00bbmedium\u00bb]<div class=\"edgtf-separator-holder clearfix  edgtf-separator-center\">\n\t<div class=\"edgtf-separator\" ><\/div>\n<\/div>\n[\/vc_column][\/vc_row][vc_row content_width=\u00bbgrid\u00bb css=\u00bb.vc_custom_1583235510057{background-color: #ffffff !important;}\u00bb][vc_column width=\u00bb2\/3&#8243;]<div class=\"edgtf-separator-holder clearfix  edgtf-separator-center\">\n\t<div class=\"edgtf-separator\" ><\/div>\n<\/div>\n<div class=\"edgtf-separator-holder clearfix  edgtf-separator-center\">\n\t<div class=\"edgtf-separator\" ><\/div>\n<\/div>\n<div class=\"edgtf-separator-holder clearfix  edgtf-separator-center\">\n\t<div class=\"edgtf-separator\" ><\/div>\n<\/div>\n[vc_column_text]<\/p>\n<h3>John Scrooby, responsable de Recursos Humanos<\/h3>\n<p>John es el responsable de Recursos Humanos de Masabi. Su experiencia como gerente t\u00e9cnico le ha servido para aplicar sus conocimientos sobre TI y su pasi\u00f3n por el trato con las personas a la hora de gestionar la estrategia general de personal de Masabi. En sus anteriores puestos, fue pionero en la creaci\u00f3n de aplicaciones altamente redundantes y escalables basadas en la nube y desarrolladas en cumplimiento con la normativa de seguridad PCI DSS.<\/p>\n<p>Anteriormente, trabaj\u00f3 como responsable de TI en Forward Internet Group, una incubadora de start-ups en la que se dedicaba a gestionar y respaldar otro tipo de aplicaciones web con un alto nivel de disponibilidad y transacciones.[\/vc_column_text]<div class=\"edgtf-separator-holder clearfix  edgtf-separator-center\">\n\t<div class=\"edgtf-separator\" ><\/div>\n<\/div>\n[\/vc_column][vc_column width=\u00bb1\/3&#8243;][vc_single_image image=\u00bb14604&#8243; img_size=\u00bbmedium\u00bb alignment=\u00bbcenter\u00bb css=\u00bb.vc_custom_1627983556738{padding-top: 100px !important;}\u00bb]<div class=\"edgtf-separator-holder clearfix  edgtf-separator-center\">\n\t<div class=\"edgtf-separator\" ><\/div>\n<\/div>\n[\/vc_column][\/vc_row]<\/p>\n","protected":false},"excerpt":{"rendered":"<p>[vc_row content_width=\u00bbgrid\u00bb][vc_column][vc_column_text] Equipo directivo de Masabi [\/vc_column_text][\/vc_column][\/vc_row][vc_row content_width=\u00bbgrid\u00bb][vc_column width=\u00bb2\/3&#8243;][vc_column_text] Brian Zanghi, CEO Brian es CEO y presidente de Masabi. Su objetivo es promover el r\u00e1pido crecimiento de la empresa a nivel mundial, as\u00ed como su continuo desarrollo para que el equipo pueda seguir con la prestaci\u00f3n de sus servicios en [&hellip;]<\/p>\n","protected":false},"author":1,"featured_media":0,"parent":0,"menu_order":66,"comment_status":"open","ping_status":"open","template":"full-width.php","meta":{"footnotes":""},"class_list":["post-13452","page","type-page","status-publish","hentry"],"yoast_head":"<!-- This site is optimized with the Yoast SEO plugin v18.8 - https:\/\/yoast.com\/wordpress\/plugins\/seo\/ -->\n<title>Equipo Directivo de Masabi<\/title>\n<meta name=\"description\" content=\"El equipo directivo de Masabi.\" \/>\n<meta name=\"robots\" content=\"index, follow, max-snippet:-1, max-image-preview:large, max-video-preview:-1\" \/>\n<link rel=\"canonical\" href=\"https:\/\/www.masabi.com\/es\/equipo-directivo-de-masabi\/\" \/>\n<meta property=\"og:locale\" content=\"es_ES\" \/>\n<meta property=\"og:type\" content=\"article\" \/>\n<meta property=\"og:title\" content=\"Equipo Directivo de Masabi\" \/>\n<meta property=\"og:description\" content=\"El equipo directivo de Masabi.\" \/>\n<meta property=\"og:url\" content=\"https:\/\/www.masabi.com\/es\/equipo-directivo-de-masabi\/\" \/>\n<meta property=\"og:site_name\" content=\"Masabi\" \/>\n<meta property=\"article:publisher\" content=\"https:\/\/www.facebook.com\/MasabiHQ\/?fref=ts\" \/>\n<meta property=\"article:modified_time\" content=\"2021-09-27T10:35:54+00:00\" \/>\n<meta name=\"twitter:label1\" content=\"Tiempo de lectura\" \/>\n\t<meta name=\"twitter:data1\" content=\"8 minutos\" \/>\n<script type=\"application\/ld+json\" class=\"yoast-schema-graph\">{\"@context\":\"https:\/\/schema.org\",\"@graph\":[{\"@type\":\"Organization\",\"@id\":\"https:\/\/www.masabi.com\/fr\/#organization\",\"name\":\"Masabi Ltd\",\"url\":\"https:\/\/www.masabi.com\/fr\/\",\"sameAs\":[\"https:\/\/www.facebook.com\/MasabiHQ\/?fref=ts\",\"https:\/\/www.linkedin.com\/company\/masabi?trk=top_nav_home\",\"https:\/\/twitter.com\/masabi_com\"],\"logo\":{\"@type\":\"ImageObject\",\"inLanguage\":\"es\",\"@id\":\"https:\/\/www.masabi.com\/fr\/#\/schema\/logo\/image\/\",\"url\":\"https:\/\/www.masabi.com\/wp-content\/uploads\/2017\/10\/LMasabi-logo-300.png\",\"contentUrl\":\"https:\/\/www.masabi.com\/wp-content\/uploads\/2017\/10\/LMasabi-logo-300.png\",\"width\":300,\"height\":169,\"caption\":\"Masabi Ltd\"},\"image\":{\"@id\":\"https:\/\/www.masabi.com\/fr\/#\/schema\/logo\/image\/\"}},{\"@type\":\"WebSite\",\"@id\":\"https:\/\/www.masabi.com\/fr\/#website\",\"url\":\"https:\/\/www.masabi.com\/fr\/\",\"name\":\"Masabi\",\"description\":\"Fare Payments-as-a-Service\",\"publisher\":{\"@id\":\"https:\/\/www.masabi.com\/fr\/#organization\"},\"potentialAction\":[{\"@type\":\"SearchAction\",\"target\":{\"@type\":\"EntryPoint\",\"urlTemplate\":\"https:\/\/www.masabi.com\/fr\/?s={search_term_string}\"},\"query-input\":\"required name=search_term_string\"}],\"inLanguage\":\"es\"},{\"@type\":\"WebPage\",\"@id\":\"https:\/\/www.masabi.com\/es\/equipo-directivo-de-masabi\/#webpage\",\"url\":\"https:\/\/www.masabi.com\/es\/equipo-directivo-de-masabi\/\",\"name\":\"Equipo Directivo de Masabi\",\"isPartOf\":{\"@id\":\"https:\/\/www.masabi.com\/fr\/#website\"},\"datePublished\":\"2018-03-22T15:26:00+00:00\",\"dateModified\":\"2021-09-27T10:35:54+00:00\",\"description\":\"El equipo directivo de Masabi.\",\"breadcrumb\":{\"@id\":\"https:\/\/www.masabi.com\/es\/equipo-directivo-de-masabi\/#breadcrumb\"},\"inLanguage\":\"es\",\"potentialAction\":[{\"@type\":\"ReadAction\",\"target\":[\"https:\/\/www.masabi.com\/es\/equipo-directivo-de-masabi\/\"]}]},{\"@type\":\"BreadcrumbList\",\"@id\":\"https:\/\/www.masabi.com\/es\/equipo-directivo-de-masabi\/#breadcrumb\",\"itemListElement\":[{\"@type\":\"ListItem\",\"position\":1,\"name\":\"Home\",\"item\":\"https:\/\/www.masabi.com\/es\/\"},{\"@type\":\"ListItem\",\"position\":2,\"name\":\"Equipo directivo de Masabi\"}]}]}<\/script>\n<!-- \/ Yoast SEO plugin. -->","yoast_head_json":{"title":"Equipo Directivo de Masabi","description":"El equipo directivo de Masabi.","robots":{"index":"index","follow":"follow","max-snippet":"max-snippet:-1","max-image-preview":"max-image-preview:large","max-video-preview":"max-video-preview:-1"},"canonical":"https:\/\/www.masabi.com\/es\/equipo-directivo-de-masabi\/","og_locale":"es_ES","og_type":"article","og_title":"Equipo Directivo de Masabi","og_description":"El equipo directivo de Masabi.","og_url":"https:\/\/www.masabi.com\/es\/equipo-directivo-de-masabi\/","og_site_name":"Masabi","article_publisher":"https:\/\/www.facebook.com\/MasabiHQ\/?fref=ts","article_modified_time":"2021-09-27T10:35:54+00:00","twitter_misc":{"Tiempo de lectura":"8 minutos"},"schema":{"@context":"https:\/\/schema.org","@graph":[{"@type":"Organization","@id":"https:\/\/www.masabi.com\/fr\/#organization","name":"Masabi Ltd","url":"https:\/\/www.masabi.com\/fr\/","sameAs":["https:\/\/www.facebook.com\/MasabiHQ\/?fref=ts","https:\/\/www.linkedin.com\/company\/masabi?trk=top_nav_home","https:\/\/twitter.com\/masabi_com"],"logo":{"@type":"ImageObject","inLanguage":"es","@id":"https:\/\/www.masabi.com\/fr\/#\/schema\/logo\/image\/","url":"https:\/\/www.masabi.com\/wp-content\/uploads\/2017\/10\/LMasabi-logo-300.png","contentUrl":"https:\/\/www.masabi.com\/wp-content\/uploads\/2017\/10\/LMasabi-logo-300.png","width":300,"height":169,"caption":"Masabi Ltd"},"image":{"@id":"https:\/\/www.masabi.com\/fr\/#\/schema\/logo\/image\/"}},{"@type":"WebSite","@id":"https:\/\/www.masabi.com\/fr\/#website","url":"https:\/\/www.masabi.com\/fr\/","name":"Masabi","description":"Fare Payments-as-a-Service","publisher":{"@id":"https:\/\/www.masabi.com\/fr\/#organization"},"potentialAction":[{"@type":"SearchAction","target":{"@type":"EntryPoint","urlTemplate":"https:\/\/www.masabi.com\/fr\/?s={search_term_string}"},"query-input":"required name=search_term_string"}],"inLanguage":"es"},{"@type":"WebPage","@id":"https:\/\/www.masabi.com\/es\/equipo-directivo-de-masabi\/#webpage","url":"https:\/\/www.masabi.com\/es\/equipo-directivo-de-masabi\/","name":"Equipo Directivo de Masabi","isPartOf":{"@id":"https:\/\/www.masabi.com\/fr\/#website"},"datePublished":"2018-03-22T15:26:00+00:00","dateModified":"2021-09-27T10:35:54+00:00","description":"El equipo directivo de Masabi.","breadcrumb":{"@id":"https:\/\/www.masabi.com\/es\/equipo-directivo-de-masabi\/#breadcrumb"},"inLanguage":"es","potentialAction":[{"@type":"ReadAction","target":["https:\/\/www.masabi.com\/es\/equipo-directivo-de-masabi\/"]}]},{"@type":"BreadcrumbList","@id":"https:\/\/www.masabi.com\/es\/equipo-directivo-de-masabi\/#breadcrumb","itemListElement":[{"@type":"ListItem","position":1,"name":"Home","item":"https:\/\/www.masabi.com\/es\/"},{"@type":"ListItem","position":2,"name":"Equipo directivo de Masabi"}]}]}},"_links":{"self":[{"href":"https:\/\/www.masabi.com\/es\/wp-json\/wp\/v2\/pages\/13452","targetHints":{"allow":["GET"]}}],"collection":[{"href":"https:\/\/www.masabi.com\/es\/wp-json\/wp\/v2\/pages"}],"about":[{"href":"https:\/\/www.masabi.com\/es\/wp-json\/wp\/v2\/types\/page"}],"author":[{"embeddable":true,"href":"https:\/\/www.masabi.com\/es\/wp-json\/wp\/v2\/users\/1"}],"replies":[{"embeddable":true,"href":"https:\/\/www.masabi.com\/es\/wp-json\/wp\/v2\/comments?post=13452"}],"version-history":[{"count":0,"href":"https:\/\/www.masabi.com\/es\/wp-json\/wp\/v2\/pages\/13452\/revisions"}],"wp:attachment":[{"href":"https:\/\/www.masabi.com\/es\/wp-json\/wp\/v2\/media?parent=13452"}],"curies":[{"name":"wp","href":"https:\/\/api.w.org\/{rel}","templated":true}]}}