{"id":16951,"date":"2021-08-25T13:43:54","date_gmt":"2021-08-25T13:43:54","guid":{"rendered":"https:\/\/www.masabi.com\/validador-de-justride-jrv\/"},"modified":"2021-09-28T13:15:02","modified_gmt":"2021-09-28T13:15:02","slug":"validador-de-justride-jrv","status":"publish","type":"page","link":"https:\/\/www.masabi.com\/es\/validador-de-justride-jrv\/","title":{"rendered":"Validador de Justride (JRV)"},"content":{"rendered":"<p>[vc_row content_width=\u00bbgrid\u00bb css=\u00bb.vc_custom_1579522461712{background-color: #ffffff !important;}\u00bb][vc_column]<div class=\"edgtf-separator-holder clearfix  edgtf-separator-center\">\n\t<div class=\"edgtf-separator\" ><\/div>\n<\/div>\n<div class=\"edgtf-separator-holder clearfix  edgtf-separator-center\">\n\t<div class=\"edgtf-separator\" ><\/div>\n<\/div>\n<div class=\"edgtf-separator-holder clearfix  edgtf-separator-center\">\n\t<div class=\"edgtf-separator\" ><\/div>\n<\/div>\n[vc_column_text]<\/p>\n<h2><strong>El validador de Justride (JRV)<\/strong><\/h2>\n<p>[\/vc_column_text][vc_column_text]El validador de Justride (JVR) es un dispositivo de validaci\u00f3n de billetes multiformato para autobuses y tranv\u00edas dise\u00f1ado por Masabi para que los sistemas de billete basado en cuenta (ABT) resulten asequibles para autoridades y operadores de transporte de todos los tama\u00f1os. Permite la validaci\u00f3n electr\u00f3nica de los principales formatos de recaudaci\u00f3n para el transporte, como las tarjetas bancarias sin contacto (cEMV), los c\u00f3digos de barras y las tarjetas inteligentes (NFC).<\/p>\n<p>[\/vc_column_text]<div class=\"edgtf-separator-holder clearfix  edgtf-separator-center\">\n\t<div class=\"edgtf-separator\" ><\/div>\n<\/div>\n<div class=\"edgtf-separator-holder clearfix  edgtf-separator-center\">\n\t<div class=\"edgtf-separator\" ><\/div>\n<\/div>\n<div class=\"edgtf-separator-holder clearfix  edgtf-separator-center\">\n\t<div class=\"edgtf-separator\" ><\/div>\n<\/div>\n[\/vc_column][\/vc_row][vc_row content_width=\u00bbgrid\u00bb css=\u00bb.vc_custom_1579522518557{background-color: #f2f2f2 !important;}\u00bb][vc_column width=\u00bb1\/4&#8243;]<div class=\"edgtf-separator-holder clearfix  edgtf-separator-center\">\n\t<div class=\"edgtf-separator\" ><\/div>\n<\/div>\n<div class=\"edgtf-separator-holder clearfix  edgtf-separator-center\">\n\t<div class=\"edgtf-separator\" ><\/div>\n<\/div>\n<div class=\"edgtf-separator-holder clearfix  edgtf-separator-center\">\n\t<div class=\"edgtf-separator\" ><\/div>\n<\/div>\n<div class=\"edgtf-separator-holder clearfix  edgtf-separator-center\">\n\t<div class=\"edgtf-separator\" ><\/div>\n<\/div>\n<div class=\"edgtf-separator-holder clearfix  edgtf-separator-center\">\n\t<div class=\"edgtf-separator\" ><\/div>\n<\/div>\n[vc_column_text]<\/p>\n<h3 style=\"text-align: left;\"><strong>\u00a1Descubra el validador de Justride!<\/strong><\/h3>\n<p>Disfrute del v\u00eddeo explicativo sobre el validador de Justride[\/vc_column_text]<div class=\"edgtf-separator-holder clearfix  edgtf-separator-center\">\n\t<div class=\"edgtf-separator\" ><\/div>\n<\/div>\n<div class=\"edgtf-separator-holder clearfix  edgtf-separator-center\">\n\t<div class=\"edgtf-separator\" ><\/div>\n<\/div>\n<div class=\"edgtf-separator-holder clearfix  edgtf-separator-center\">\n\t<div class=\"edgtf-separator\" ><\/div>\n<\/div>\n[\/vc_column][vc_column width=\u00bb3\/4&#8243;]<div class=\"edgtf-separator-holder clearfix  edgtf-separator-center\">\n\t<div class=\"edgtf-separator\" ><\/div>\n<\/div>\n<div class=\"edgtf-separator-holder clearfix  edgtf-separator-center\">\n\t<div class=\"edgtf-separator\" ><\/div>\n<\/div>\n<div class=\"edgtf-separator-holder clearfix  edgtf-separator-center\">\n\t<div class=\"edgtf-separator\" ><\/div>\n<\/div>\n[vc_video link=\u00bbhttps:\/\/vimeo.com\/339575725&#8243;]<div class=\"edgtf-separator-holder clearfix  edgtf-separator-center\">\n\t<div class=\"edgtf-separator\" ><\/div>\n<\/div>\n<div class=\"edgtf-separator-holder clearfix  edgtf-separator-center\">\n\t<div class=\"edgtf-separator\" ><\/div>\n<\/div>\n<div class=\"edgtf-separator-holder clearfix  edgtf-separator-center\">\n\t<div class=\"edgtf-separator\" ><\/div>\n<\/div>\n[\/vc_column][\/vc_row][vc_row content_width=\u00bbgrid\u00bb css=\u00bb.vc_custom_1559919073502{background-color: #ffffff !important;}\u00bb][vc_column width=\u00bb1\/2&#8243;]<div class=\"edgtf-separator-holder clearfix  edgtf-separator-center\">\n\t<div class=\"edgtf-separator\" ><\/div>\n<\/div>\n<div class=\"edgtf-separator-holder clearfix  edgtf-separator-center\">\n\t<div class=\"edgtf-separator\" ><\/div>\n<\/div>\n<div class=\"edgtf-separator-holder clearfix  edgtf-separator-center\">\n\t<div class=\"edgtf-separator\" ><\/div>\n<\/div>\n<div class=\"edgtf-separator-holder clearfix  edgtf-separator-center\">\n\t<div class=\"edgtf-separator\" ><\/div>\n<\/div>\n<div class=\"edgtf-separator-holder clearfix  edgtf-separator-center\">\n\t<div class=\"edgtf-separator\" ><\/div>\n<\/div>\n<div class=\"edgtf-separator-holder clearfix  edgtf-separator-center\">\n\t<div class=\"edgtf-separator\" ><\/div>\n<\/div>\n<div class=\"edgtf-separator-holder clearfix  edgtf-separator-center\">\n\t<div class=\"edgtf-separator\" ><\/div>\n<\/div>\n<div class=\"edgtf-separator-holder clearfix  edgtf-separator-center\">\n\t<div class=\"edgtf-separator\" ><\/div>\n<\/div>\n<div class=\"edgtf-separator-holder clearfix  edgtf-separator-center\">\n\t<div class=\"edgtf-separator\" ><\/div>\n<\/div>\n<div class=\"edgtf-separator-holder clearfix  edgtf-separator-center\">\n\t<div class=\"edgtf-separator\" ><\/div>\n<\/div>\n<div class=\"edgtf-separator-holder clearfix  edgtf-separator-center\">\n\t<div class=\"edgtf-separator\" ><\/div>\n<\/div>\n[vc_column_text]<\/p>\n<h2><strong>El validador de Justride (JRV)<\/strong><\/h2>\n<p>[\/vc_column_text][vc_column_text]El validador Justride (JRV) proporciona una soluci\u00f3n de validaci\u00f3n s\u00f3lida y fiable de montaje en poste con una instalaci\u00f3n y un mantenimiento sencillos. Su dise\u00f1o est\u00e1 pensado para cumplir con est\u00e1ndares de accesibilidad, como la Ley para Estadounidenses con Discapacidades, y con los niveles 1 y 2 de EMV para permitir la realizaci\u00f3n de pagos con MasterCard, Visa, American Express, Apple Pay, Google Pay y otros. Adem\u00e1s, lleva un GPS incorporado, ofrece garant\u00eda de devoluci\u00f3n en todos los veh\u00edculos y en toda la red y mucho m\u00e1s.[\/vc_column_text]<div class=\"edgtf-separator-holder clearfix  edgtf-separator-center\">\n\t<div class=\"edgtf-separator\" ><\/div>\n<\/div>\n<div class=\"edgtf-separator-holder clearfix  edgtf-separator-center\">\n\t<div class=\"edgtf-separator\" ><\/div>\n<\/div>\n<div class=\"edgtf-separator-holder clearfix  edgtf-separator-center\">\n\t<div class=\"edgtf-separator\" ><\/div>\n<\/div>\n[\/vc_column][vc_column width=\u00bb1\/2&#8243;]<div class=\"edgtf-separator-holder clearfix  edgtf-separator-center\">\n\t<div class=\"edgtf-separator\" ><\/div>\n<\/div>\n<div class=\"edgtf-separator-holder clearfix  edgtf-separator-center\">\n\t<div class=\"edgtf-separator\" ><\/div>\n<\/div>\n<div class=\"edgtf-separator-holder clearfix  edgtf-separator-center\">\n\t<div class=\"edgtf-separator\" ><\/div>\n<\/div>\n[vc_single_image image=\u00bb16196&#8243; img_size=\u00bblarge\u00bb alignment=\u00bbcenter\u00bb]<div class=\"edgtf-separator-holder clearfix  edgtf-separator-center\">\n\t<div class=\"edgtf-separator\" ><\/div>\n<\/div>\n<div class=\"edgtf-separator-holder clearfix  edgtf-separator-center\">\n\t<div class=\"edgtf-separator\" ><\/div>\n<\/div>\n<div class=\"edgtf-separator-holder clearfix  edgtf-separator-center\">\n\t<div class=\"edgtf-separator\" ><\/div>\n<\/div>\n<div class=\"edgtf-separator-holder clearfix  edgtf-separator-center\">\n\t<div class=\"edgtf-separator\" ><\/div>\n<\/div>\n[\/vc_column][\/vc_row][vc_row content_width=\u00bbgrid\u00bb css=\u00bb.vc_custom_1579522307353{background-color: #f9f9f9 !important;}\u00bb][vc_column]<div class=\"edgtf-separator-holder clearfix  edgtf-separator-center\">\n\t<div class=\"edgtf-separator\" ><\/div>\n<\/div>\n<div class=\"edgtf-separator-holder clearfix  edgtf-separator-center\">\n\t<div class=\"edgtf-separator\" ><\/div>\n<\/div>\n<div class=\"edgtf-separator-holder clearfix  edgtf-separator-center\">\n\t<div class=\"edgtf-separator\" ><\/div>\n<\/div>\n[vc_column_text]<\/p>\n<h2 style=\"text-align: left;\">Ventajas del validador de Justride (JRV)<\/h2>\n<p>[\/vc_column_text]<div class=\"edgtf-separator-holder clearfix  edgtf-separator-center\">\n\t<div class=\"edgtf-separator\" ><\/div>\n<\/div>\n[\/vc_column][\/vc_row][vc_row content_width=\u00bbgrid\u00bb content_aligment=\u00bbcenter\u00bb css=\u00bb.vc_custom_1534498598430{background-color: #f9f9f9 !important;}\u00bb][vc_column width=\u00bb1\/3&#8243;][vc_single_image image=\u00bb14218&#8243; img_size=\u00bbfull\u00bb css=\u00bb.vc_custom_1559918556516{padding-top: 60px !important;}\u00bb][vc_column_text]<\/p>\n<h3 style=\"text-align: left;\"><strong>Rentable<\/strong><\/h3>\n<p style=\"text-align: left;\">Las autoridades y los operadores de transporte pueden adquirir el validador de Justride a un precio m\u00e1s econ\u00f3mico que el de otros dispositivos con sistema de billete basado en cuenta disponibles en el mercado y, si lo desean, pueden optar por el modo de suscripci\u00f3n.<\/p>\n<p>[\/vc_column_text]<div class=\"edgtf-separator-holder clearfix  edgtf-separator-center\">\n\t<div class=\"edgtf-separator\" ><\/div>\n<\/div>\n<div class=\"edgtf-separator-holder clearfix  edgtf-separator-center\">\n\t<div class=\"edgtf-separator\" ><\/div>\n<\/div>\n<div class=\"edgtf-separator-holder clearfix  edgtf-separator-center\">\n\t<div class=\"edgtf-separator\" ><\/div>\n<\/div>\n<div class=\"edgtf-separator-holder clearfix  edgtf-separator-center\">\n\t<div class=\"edgtf-separator\" ><\/div>\n<\/div>\n<div class=\"edgtf-separator-holder clearfix  edgtf-separator-center\">\n\t<div class=\"edgtf-separator\" ><\/div>\n<\/div>\n<div class=\"edgtf-separator-holder clearfix  edgtf-separator-center\">\n\t<div class=\"edgtf-separator\" ><\/div>\n<\/div>\n[\/vc_column][vc_column width=\u00bb1\/3&#8243;][vc_single_image image=\u00bb14215&#8243; img_size=\u00bbfull\u00bb css=\u00bb.vc_custom_1559918577445{padding-top: 60px !important;}\u00bb][vc_column_text]<\/p>\n<h3 style=\"text-align: left;\"><strong>Multiformato<\/strong><\/h3>\n<p style=\"text-align: left;\">Permite la lectura de los principales formatos de recaudaci\u00f3n, incluidas las tarjetas bancarias sin contacto (cEMV), las tarjetas inteligentes (NFC) y los c\u00f3digos de barra en el m\u00f3vil o en papel.<\/p>\n<p>[\/vc_column_text]<div class=\"edgtf-separator-holder clearfix  edgtf-separator-center\">\n\t<div class=\"edgtf-separator\" ><\/div>\n<\/div>\n<div class=\"edgtf-separator-holder clearfix  edgtf-separator-center\">\n\t<div class=\"edgtf-separator\" ><\/div>\n<\/div>\n<div class=\"edgtf-separator-holder clearfix  edgtf-separator-center\">\n\t<div class=\"edgtf-separator\" ><\/div>\n<\/div>\n<div class=\"edgtf-separator-holder clearfix  edgtf-separator-center\">\n\t<div class=\"edgtf-separator\" ><\/div>\n<\/div>\n<div class=\"edgtf-separator-holder clearfix  edgtf-separator-center\">\n\t<div class=\"edgtf-separator\" ><\/div>\n<\/div>\n<div class=\"edgtf-separator-holder clearfix  edgtf-separator-center\">\n\t<div class=\"edgtf-separator\" ><\/div>\n<\/div>\n[\/vc_column][vc_column width=\u00bb1\/3&#8243;][vc_single_image image=\u00bb14212&#8243; img_size=\u00bbfull\u00bb css=\u00bb.vc_custom_1559918638543{padding-top: 60px !important;}\u00bb][vc_column_text]<\/p>\n<h3 style=\"text-align: left;\"><strong>Basado en cuenta <\/strong><\/h3>\n<p style=\"text-align: left;\">El validador de Justride es compatible con el uso de sistemas de billete basado en cuenta y permite que autoridades y operadores de todos los tama\u00f1os implementen una soluci\u00f3n de validaci\u00f3n con la memoria y la capacidad de procesamiento necesarias para satisfacer la demanda de las tarifas basadas en cuenta y, de esta forma, sentar las bases de la Movilidad como Servicio incluso en las grandes ciudades.<\/p>\n<p>[\/vc_column_text]<div class=\"edgtf-separator-holder clearfix  edgtf-separator-center\">\n\t<div class=\"edgtf-separator\" ><\/div>\n<\/div>\n<div class=\"edgtf-separator-holder clearfix  edgtf-separator-center\">\n\t<div class=\"edgtf-separator\" ><\/div>\n<\/div>\n<div class=\"edgtf-separator-holder clearfix  edgtf-separator-center\">\n\t<div class=\"edgtf-separator\" ><\/div>\n<\/div>\n<div class=\"edgtf-separator-holder clearfix  edgtf-separator-center\">\n\t<div class=\"edgtf-separator\" ><\/div>\n<\/div>\n<div class=\"edgtf-separator-holder clearfix  edgtf-separator-center\">\n\t<div class=\"edgtf-separator\" ><\/div>\n<\/div>\n<div class=\"edgtf-separator-holder clearfix  edgtf-separator-center\">\n\t<div class=\"edgtf-separator\" ><\/div>\n<\/div>\n[\/vc_column][\/vc_row][vc_row content_width=\u00bbgrid\u00bb css=\u00bb.vc_custom_1602595476390{background-color: #333333 !important;}\u00bb][vc_column]<div class=\"edgtf-separator-holder clearfix  edgtf-separator-center\">\n\t<div class=\"edgtf-separator\" ><\/div>\n<\/div>\n<div class=\"edgtf-separator-holder clearfix  edgtf-separator-center\">\n\t<div class=\"edgtf-separator\" ><\/div>\n<\/div>\n<div class=\"edgtf-separator-holder clearfix  edgtf-separator-center\">\n\t<div class=\"edgtf-separator\" ><\/div>\n<\/div>\n<div class=\"edgtf-separator-holder clearfix  edgtf-separator-center\">\n\t<div class=\"edgtf-separator\" ><\/div>\n<\/div>\n[vc_column_text]<\/p>\n<h4><strong>Folleto del validador de Justride (JVR)<\/strong><\/h4>\n<h6>El validador de Justride (JVR) es un dispositivo de validaci\u00f3n de billetes s\u00f3lido y fiable para autobuses y tranv\u00edas dise\u00f1ado por Masabi para que los sistemas de billete basado en cuenta (ABT) resulten asequibles para autoridades y operadores de transporte de todos los tama\u00f1os.<\/h6>\n<h6><\/h6>\n<p>[\/vc_column_text]<div class=\"edgtf-separator-holder clearfix  edgtf-separator-center\">\n\t<div class=\"edgtf-separator\" ><\/div>\n<\/div>\n<a href=\"https:\/\/info.masabi.com\/justride-validator-brochure-page\" target=\"_self\" style=\"color: #f44747;border-color: #f44747;font-size: 20px;font-weight: 400\" class=\"edgtf-btn edgtf-btn-medium edgtf-btn-outline edgtf-btn-custom-border-hover edgtf-btn-custom-hover-color btn-has-radius\" data-hover-color=\"#81d742\" data-hover-border-color=\"#81d742\" >\n   \t   \t\t<span class=\"edgtf-button-background edgtf-before\"><\/span>\n   \t\t<span class=\"edgtf-button-background edgtf-after\"><\/span>\n   \t    <span class=\"edgtf-btn-text\">Descargar<\/span>\n    <\/a><div class=\"edgtf-separator-holder clearfix  edgtf-separator-center\">\n\t<div class=\"edgtf-separator\" ><\/div>\n<\/div>\n<div class=\"edgtf-separator-holder clearfix  edgtf-separator-center\">\n\t<div class=\"edgtf-separator\" ><\/div>\n<\/div>\n<div class=\"edgtf-separator-holder clearfix  edgtf-separator-center\">\n\t<div class=\"edgtf-separator\" ><\/div>\n<\/div>\n<div class=\"edgtf-separator-holder clearfix  edgtf-separator-center\">\n\t<div class=\"edgtf-separator\" ><\/div>\n<\/div>\n<div class=\"edgtf-separator-holder clearfix  edgtf-separator-center\">\n\t<div class=\"edgtf-separator\" ><\/div>\n<\/div>\n<div class=\"edgtf-separator-holder clearfix  edgtf-separator-center\">\n\t<div class=\"edgtf-separator\" ><\/div>\n<\/div>\n[\/vc_column][\/vc_row]<\/p>\n","protected":false},"excerpt":{"rendered":"<p>[vc_row content_width=\u00bbgrid\u00bb css=\u00bb.vc_custom_1579522461712{background-color: #ffffff !important;}\u00bb][vc_column][vc_column_text] El validador de Justride (JRV) [\/vc_column_text][vc_column_text]El validador de Justride (JVR) es un dispositivo de validaci\u00f3n de billetes multiformato para autobuses y tranv\u00edas dise\u00f1ado por Masabi para que los sistemas de billete basado en cuenta (ABT) resulten asequibles para autoridades y operadores de transporte de todos [&hellip;]<\/p>\n","protected":false},"author":1,"featured_media":0,"parent":0,"menu_order":0,"comment_status":"closed","ping_status":"open","template":"full-width.php","meta":{"footnotes":""},"class_list":["post-16951","page","type-page","status-publish","hentry"],"yoast_head":"<!-- This site is optimized with the Yoast SEO plugin v18.8 - https:\/\/yoast.com\/wordpress\/plugins\/seo\/ -->\n<title>Validador de Justride (JRV)<\/title>\n<meta name=\"description\" content=\"El validador de Justride (JRV) es un dispositivo de validaci\u00f3n de billetes multiformato dise\u00f1ado por Masabi para que los sistemas de billete basado en cuenta (ABT) resulten asequibles.\" \/>\n<meta name=\"robots\" content=\"index, follow, max-snippet:-1, max-image-preview:large, max-video-preview:-1\" \/>\n<link rel=\"canonical\" href=\"https:\/\/www.masabi.com\/es\/validador-de-justride-jrv\/\" \/>\n<meta property=\"og:locale\" content=\"es_ES\" \/>\n<meta property=\"og:type\" content=\"article\" \/>\n<meta property=\"og:title\" content=\"Validador de Justride (JRV)\" \/>\n<meta property=\"og:description\" content=\"El validador de Justride (JRV) es un dispositivo de validaci\u00f3n de billetes multiformato dise\u00f1ado por Masabi para que los sistemas de billete basado en cuenta (ABT) resulten asequibles.\" \/>\n<meta property=\"og:url\" content=\"https:\/\/www.masabi.com\/es\/validador-de-justride-jrv\/\" \/>\n<meta property=\"og:site_name\" content=\"Masabi\" \/>\n<meta property=\"article:publisher\" content=\"https:\/\/www.facebook.com\/MasabiHQ\/?fref=ts\" \/>\n<meta property=\"article:modified_time\" content=\"2021-09-28T13:15:02+00:00\" \/>\n<meta name=\"twitter:label1\" content=\"Tiempo de lectura\" \/>\n\t<meta name=\"twitter:data1\" content=\"5 minutos\" \/>\n<script type=\"application\/ld+json\" class=\"yoast-schema-graph\">{\"@context\":\"https:\/\/schema.org\",\"@graph\":[{\"@type\":\"Organization\",\"@id\":\"https:\/\/www.masabi.com\/fr\/#organization\",\"name\":\"Masabi Ltd\",\"url\":\"https:\/\/www.masabi.com\/fr\/\",\"sameAs\":[\"https:\/\/www.facebook.com\/MasabiHQ\/?fref=ts\",\"https:\/\/www.linkedin.com\/company\/masabi?trk=top_nav_home\",\"https:\/\/twitter.com\/masabi_com\"],\"logo\":{\"@type\":\"ImageObject\",\"inLanguage\":\"es\",\"@id\":\"https:\/\/www.masabi.com\/fr\/#\/schema\/logo\/image\/\",\"url\":\"https:\/\/www.masabi.com\/wp-content\/uploads\/2017\/10\/LMasabi-logo-300.png\",\"contentUrl\":\"https:\/\/www.masabi.com\/wp-content\/uploads\/2017\/10\/LMasabi-logo-300.png\",\"width\":300,\"height\":169,\"caption\":\"Masabi Ltd\"},\"image\":{\"@id\":\"https:\/\/www.masabi.com\/fr\/#\/schema\/logo\/image\/\"}},{\"@type\":\"WebSite\",\"@id\":\"https:\/\/www.masabi.com\/fr\/#website\",\"url\":\"https:\/\/www.masabi.com\/fr\/\",\"name\":\"Masabi\",\"description\":\"Fare Payments-as-a-Service\",\"publisher\":{\"@id\":\"https:\/\/www.masabi.com\/fr\/#organization\"},\"potentialAction\":[{\"@type\":\"SearchAction\",\"target\":{\"@type\":\"EntryPoint\",\"urlTemplate\":\"https:\/\/www.masabi.com\/fr\/?s={search_term_string}\"},\"query-input\":\"required name=search_term_string\"}],\"inLanguage\":\"es\"},{\"@type\":\"WebPage\",\"@id\":\"https:\/\/www.masabi.com\/es\/validador-de-justride-jrv\/#webpage\",\"url\":\"https:\/\/www.masabi.com\/es\/validador-de-justride-jrv\/\",\"name\":\"Validador de Justride (JRV)\",\"isPartOf\":{\"@id\":\"https:\/\/www.masabi.com\/fr\/#website\"},\"datePublished\":\"2021-08-25T13:43:54+00:00\",\"dateModified\":\"2021-09-28T13:15:02+00:00\",\"description\":\"El validador de Justride (JRV) es un dispositivo de validaci\u00f3n de billetes multiformato dise\u00f1ado por Masabi para que los sistemas de billete basado en cuenta (ABT) resulten asequibles.\",\"breadcrumb\":{\"@id\":\"https:\/\/www.masabi.com\/es\/validador-de-justride-jrv\/#breadcrumb\"},\"inLanguage\":\"es\",\"potentialAction\":[{\"@type\":\"ReadAction\",\"target\":[\"https:\/\/www.masabi.com\/es\/validador-de-justride-jrv\/\"]}]},{\"@type\":\"BreadcrumbList\",\"@id\":\"https:\/\/www.masabi.com\/es\/validador-de-justride-jrv\/#breadcrumb\",\"itemListElement\":[{\"@type\":\"ListItem\",\"position\":1,\"name\":\"Home\",\"item\":\"https:\/\/www.masabi.com\/es\/\"},{\"@type\":\"ListItem\",\"position\":2,\"name\":\"Validador de Justride (JRV)\"}]}]}<\/script>\n<!-- \/ Yoast SEO plugin. -->","yoast_head_json":{"title":"Validador de Justride (JRV)","description":"El validador de Justride (JRV) es un dispositivo de validaci\u00f3n de billetes multiformato dise\u00f1ado por Masabi para que los sistemas de billete basado en cuenta (ABT) resulten asequibles.","robots":{"index":"index","follow":"follow","max-snippet":"max-snippet:-1","max-image-preview":"max-image-preview:large","max-video-preview":"max-video-preview:-1"},"canonical":"https:\/\/www.masabi.com\/es\/validador-de-justride-jrv\/","og_locale":"es_ES","og_type":"article","og_title":"Validador de Justride (JRV)","og_description":"El validador de Justride (JRV) es un dispositivo de validaci\u00f3n de billetes multiformato dise\u00f1ado por Masabi para que los sistemas de billete basado en cuenta (ABT) resulten asequibles.","og_url":"https:\/\/www.masabi.com\/es\/validador-de-justride-jrv\/","og_site_name":"Masabi","article_publisher":"https:\/\/www.facebook.com\/MasabiHQ\/?fref=ts","article_modified_time":"2021-09-28T13:15:02+00:00","twitter_misc":{"Tiempo de lectura":"5 minutos"},"schema":{"@context":"https:\/\/schema.org","@graph":[{"@type":"Organization","@id":"https:\/\/www.masabi.com\/fr\/#organization","name":"Masabi Ltd","url":"https:\/\/www.masabi.com\/fr\/","sameAs":["https:\/\/www.facebook.com\/MasabiHQ\/?fref=ts","https:\/\/www.linkedin.com\/company\/masabi?trk=top_nav_home","https:\/\/twitter.com\/masabi_com"],"logo":{"@type":"ImageObject","inLanguage":"es","@id":"https:\/\/www.masabi.com\/fr\/#\/schema\/logo\/image\/","url":"https:\/\/www.masabi.com\/wp-content\/uploads\/2017\/10\/LMasabi-logo-300.png","contentUrl":"https:\/\/www.masabi.com\/wp-content\/uploads\/2017\/10\/LMasabi-logo-300.png","width":300,"height":169,"caption":"Masabi Ltd"},"image":{"@id":"https:\/\/www.masabi.com\/fr\/#\/schema\/logo\/image\/"}},{"@type":"WebSite","@id":"https:\/\/www.masabi.com\/fr\/#website","url":"https:\/\/www.masabi.com\/fr\/","name":"Masabi","description":"Fare Payments-as-a-Service","publisher":{"@id":"https:\/\/www.masabi.com\/fr\/#organization"},"potentialAction":[{"@type":"SearchAction","target":{"@type":"EntryPoint","urlTemplate":"https:\/\/www.masabi.com\/fr\/?s={search_term_string}"},"query-input":"required name=search_term_string"}],"inLanguage":"es"},{"@type":"WebPage","@id":"https:\/\/www.masabi.com\/es\/validador-de-justride-jrv\/#webpage","url":"https:\/\/www.masabi.com\/es\/validador-de-justride-jrv\/","name":"Validador de Justride (JRV)","isPartOf":{"@id":"https:\/\/www.masabi.com\/fr\/#website"},"datePublished":"2021-08-25T13:43:54+00:00","dateModified":"2021-09-28T13:15:02+00:00","description":"El validador de Justride (JRV) es un dispositivo de validaci\u00f3n de billetes multiformato dise\u00f1ado por Masabi para que los sistemas de billete basado en cuenta (ABT) resulten asequibles.","breadcrumb":{"@id":"https:\/\/www.masabi.com\/es\/validador-de-justride-jrv\/#breadcrumb"},"inLanguage":"es","potentialAction":[{"@type":"ReadAction","target":["https:\/\/www.masabi.com\/es\/validador-de-justride-jrv\/"]}]},{"@type":"BreadcrumbList","@id":"https:\/\/www.masabi.com\/es\/validador-de-justride-jrv\/#breadcrumb","itemListElement":[{"@type":"ListItem","position":1,"name":"Home","item":"https:\/\/www.masabi.com\/es\/"},{"@type":"ListItem","position":2,"name":"Validador de Justride (JRV)"}]}]}},"_links":{"self":[{"href":"https:\/\/www.masabi.com\/es\/wp-json\/wp\/v2\/pages\/16951","targetHints":{"allow":["GET"]}}],"collection":[{"href":"https:\/\/www.masabi.com\/es\/wp-json\/wp\/v2\/pages"}],"about":[{"href":"https:\/\/www.masabi.com\/es\/wp-json\/wp\/v2\/types\/page"}],"author":[{"embeddable":true,"href":"https:\/\/www.masabi.com\/es\/wp-json\/wp\/v2\/users\/1"}],"replies":[{"embeddable":true,"href":"https:\/\/www.masabi.com\/es\/wp-json\/wp\/v2\/comments?post=16951"}],"version-history":[{"count":0,"href":"https:\/\/www.masabi.com\/es\/wp-json\/wp\/v2\/pages\/16951\/revisions"}],"wp:attachment":[{"href":"https:\/\/www.masabi.com\/es\/wp-json\/wp\/v2\/media?parent=16951"}],"curies":[{"name":"wp","href":"https:\/\/api.w.org\/{rel}","templated":true}]}}