{"id":14347,"date":"2019-06-07T14:36:53","date_gmt":"2019-06-07T14:36:53","guid":{"rendered":"https:\/\/www.masabi.com\/?page_id=14347"},"modified":"2022-12-01T13:52:33","modified_gmt":"2022-12-01T13:52:33","slug":"ticketing-carte-emv-contactless","status":"publish","type":"page","link":"https:\/\/www.masabi.com\/it\/ticketing-carte-emv-contactless\/","title":{"rendered":"Contactless Ticketing System"},"content":{"rendered":"<p>[vc_row content_width=&#8221;grid&#8221; css=&#8221;.vc_custom_1574765091269{background-color: #ffffff !important;}&#8221;][vc_column]<div class=\"edgtf-separator-holder clearfix  edgtf-separator-center\">\n\t<div class=\"edgtf-separator\" ><\/div>\n<\/div>\n<div class=\"edgtf-separator-holder clearfix  edgtf-separator-center\">\n\t<div class=\"edgtf-separator\" ><\/div>\n<\/div>\n[vc_column_text]<\/p>\n<h2><strong>Contactless Ticketing Systems (cEMV)<\/strong><\/h2>\n<p>[\/vc_column_text][vc_column_text]L&#8217;uso di carte bancarie contactless, spesso indicate come EMV contactless (cEMV), per viaggiare sui mezzi pubblici \u00e8 comparso sulla scena qualche anno fa. Questi sistemi contactless sono unici nella loro capacit\u00e0 di consentire a un passeggero di qualsiasi tipo di presentarsi e viaggiare utilizzando ci\u00f2 che gi\u00e0 ha in tasca, calcolando automaticamente la tariffa corretta da addebitare e facendolo sulla carta di credito\/debito con cui ha viaggiato.<\/p>\n<p>Questo si \u00e8 rivelato un modo migliore per spostarsi nelle aree urbane liberando i passeggeri dalla necessit\u00e0 di acquistare un biglietto prima di viaggiare. I sistemi cEMV sono molto funzionali non solo per i passeggeri, ma anche per le aziende che possono abbandonare il costo di emissione dei biglietti cartacei, le proprie carte di plastica e l&#8217;accumulo di contanti.[\/vc_column_text]<div class=\"edgtf-separator-holder clearfix  edgtf-separator-center\">\n\t<div class=\"edgtf-separator\" ><\/div>\n<\/div>\n<div class=\"edgtf-separator-holder clearfix  edgtf-separator-center\">\n\t<div class=\"edgtf-separator\" ><\/div>\n<\/div>\n<div class=\"edgtf-separator-holder clearfix  edgtf-separator-center\">\n\t<div class=\"edgtf-separator\" ><\/div>\n<\/div>\n[\/vc_column][\/vc_row][vc_row content_width=&#8221;grid&#8221; css=&#8221;.vc_custom_1576593098268{background-color: #f2f2f2 !important;}&#8221;][vc_column width=&#8221;1\/3&#8243;]<div class=\"edgtf-separator-holder clearfix  edgtf-separator-center\">\n\t<div class=\"edgtf-separator\" ><\/div>\n<\/div>\n<div class=\"edgtf-separator-holder clearfix  edgtf-separator-center\">\n\t<div class=\"edgtf-separator\" ><\/div>\n<\/div>\n<div class=\"edgtf-separator-holder clearfix  edgtf-separator-center\">\n\t<div class=\"edgtf-separator\" ><\/div>\n<\/div>\n<div class=\"edgtf-separator-holder clearfix  edgtf-separator-center\">\n\t<div class=\"edgtf-separator\" ><\/div>\n<\/div>\n<div class=\"edgtf-separator-holder clearfix  edgtf-separator-center\">\n\t<div class=\"edgtf-separator\" ><\/div>\n<\/div>\n[vc_column_text]<\/p>\n<h3><strong>Video esplicativo<\/strong> su <strong>Contactless Ticketing (<\/strong><strong>cEMV) <\/strong><\/h3>\n<p>[\/vc_column_text]<div class=\"edgtf-separator-holder clearfix  edgtf-separator-center\">\n\t<div class=\"edgtf-separator\" ><\/div>\n<\/div>\n<div class=\"edgtf-separator-holder clearfix  edgtf-separator-center\">\n\t<div class=\"edgtf-separator\" ><\/div>\n<\/div>\n[\/vc_column][vc_column width=&#8221;2\/3&#8243;]<div class=\"edgtf-separator-holder clearfix  edgtf-separator-center\">\n\t<div class=\"edgtf-separator\" ><\/div>\n<\/div>\n<div class=\"edgtf-separator-holder clearfix  edgtf-separator-center\">\n\t<div class=\"edgtf-separator\" ><\/div>\n<\/div>\n[vc_video link=&#8221;https:\/\/vimeo.com\/290309156\/b5d98b77b4&#8243;]<div class=\"edgtf-separator-holder clearfix  edgtf-separator-center\">\n\t<div class=\"edgtf-separator\" ><\/div>\n<\/div>\n<div class=\"edgtf-separator-holder clearfix  edgtf-separator-center\">\n\t<div class=\"edgtf-separator\" ><\/div>\n<\/div>\n[\/vc_column][\/vc_row][vc_row content_width=&#8221;grid&#8221; css=&#8221;.vc_custom_1538346878777{background-color: #ffffff !important;}&#8221;][vc_column]<div class=\"edgtf-separator-holder clearfix  edgtf-separator-center\">\n\t<div class=\"edgtf-separator\" ><\/div>\n<\/div>\n<div class=\"edgtf-separator-holder clearfix  edgtf-separator-center\">\n\t<div class=\"edgtf-separator\" ><\/div>\n<\/div>\n<div class=\"edgtf-separator-holder clearfix  edgtf-separator-center\">\n\t<div class=\"edgtf-separator\" ><\/div>\n<\/div>\n[vc_column_text]<\/p>\n<h2 style=\"text-align: center;\"><strong>I vantaggi del Contactless Ticketing (cEMV) per il trasporto pubblico<\/strong><\/h2>\n<p>[\/vc_column_text][\/vc_column][\/vc_row][vc_row content_width=&#8221;grid&#8221; content_aligment=&#8221;center&#8221; css=&#8221;.vc_custom_1594070572732{background-color: #ffffff !important;}&#8221;][vc_column width=&#8221;1\/2&#8243;][vc_single_image image=&#8221;15515&#8243; img_size=&#8221;full&#8221; alignment=&#8221;center&#8221; css=&#8221;.vc_custom_1594070545843{padding-top: 60px !important;}&#8221;][vc_column_text]<\/p>\n<h3 style=\"text-align: center;\"><strong>Biglietto in tasca<\/strong><\/h3>\n<p style=\"text-align: center;\">Non c&#8217;\u00e8 bisogno di acquistare un biglietto prima di viaggiare: un grande vantaggio per gli utenti che usano il servizio per prima volta, e che abbatte una delle principali barriere per l&#8217;accesso ai trasporti pubblici.<\/p>\n<p>[\/vc_column_text]<div class=\"edgtf-separator-holder clearfix  edgtf-separator-center\">\n\t<div class=\"edgtf-separator\" ><\/div>\n<\/div>\n<div class=\"edgtf-separator-holder clearfix  edgtf-separator-center\">\n\t<div class=\"edgtf-separator\" ><\/div>\n<\/div>\n<div class=\"edgtf-separator-holder clearfix  edgtf-separator-center\">\n\t<div class=\"edgtf-separator\" ><\/div>\n<\/div>\n<div class=\"edgtf-separator-holder clearfix  edgtf-separator-center\">\n\t<div class=\"edgtf-separator\" ><\/div>\n<\/div>\n[\/vc_column][vc_column width=&#8221;1\/2&#8243;][vc_single_image image=&#8221;15514&#8243; img_size=&#8221;full&#8221; alignment=&#8221;center&#8221; css=&#8221;.vc_custom_1594070563756{padding-top: 60px !important;}&#8221;][vc_column_text]<\/p>\n<h3 style=\"text-align: center;\"><strong>Justride in un solo tocco<\/strong><\/h3>\n<p style=\"text-align: center;\">Consente di viaggiare con un semplice tocco, rendendo l&#8217;utilizzo dei trasporti pubblici molto pi\u00f9 conveniente. Consente un&#8217;esperienza senza interruzioni, dove non \u00e8 necessario conoscere il percorso esatto o preoccuparsi di spendere troppo, grazie al tetto tariffario.<\/p>\n<p>[\/vc_column_text]<div class=\"edgtf-separator-holder clearfix  edgtf-separator-center\">\n\t<div class=\"edgtf-separator\" ><\/div>\n<\/div>\n<div class=\"edgtf-separator-holder clearfix  edgtf-separator-center\">\n\t<div class=\"edgtf-separator\" ><\/div>\n<\/div>\n<div class=\"edgtf-separator-holder clearfix  edgtf-separator-center\">\n\t<div class=\"edgtf-separator\" ><\/div>\n<\/div>\n<div class=\"edgtf-separator-holder clearfix  edgtf-separator-center\">\n\t<div class=\"edgtf-separator\" ><\/div>\n<\/div>\n[\/vc_column][\/vc_row][vc_row content_width=&#8221;grid&#8221; css=&#8221;.vc_custom_1576593204714{background-color: #f2f2f2 !important;}&#8221;][vc_column]<div class=\"edgtf-separator-holder clearfix  edgtf-separator-center\">\n\t<div class=\"edgtf-separator\" ><\/div>\n<\/div>\n<div class=\"edgtf-separator-holder clearfix  edgtf-separator-center\">\n\t<div class=\"edgtf-separator\" ><\/div>\n<\/div>\n<div class=\"edgtf-separator-holder clearfix  edgtf-separator-center\">\n\t<div class=\"edgtf-separator\" ><\/div>\n<\/div>\n[vc_single_image image=&#8221;21910&#8243; img_size=&#8221;full&#8221; alignment=&#8221;center&#8221; onclick=&#8221;custom_link&#8221; link=&#8221;http:%2F%2Fblog.masabi.com%2Fblog%2Fan-introduction-to-contactless-cemv-ticketing-in-public-transport|&#8221;]<div class=\"edgtf-separator-holder clearfix  edgtf-separator-center\">\n\t<div class=\"edgtf-separator\" ><\/div>\n<\/div>\n[vc_column_text]<\/p>\n<h3 style=\"text-align: left;\"><strong>Tutto quello che c&#8217;\u00e8 da sapere sulla bigliettazione contactless per il trasporto pubblico (cEMV)<\/strong><\/h3>\n<h6><\/h6>\n<p>[\/vc_column_text][vc_column_text]Il termine &#8220;bigliettazione contactless&#8221; \u00e8 stato adottato per indicare l&#8217;uso di carte bancarie contactless per toccare e viaggiare sui sistemi di trasporto pubblico. In questo post del blog esploriamo l&#8217;uso di carte bancarie contactless, e delle stesse carte emulate tramite Apple\/Google Pay sul cellulare, da utilizzare come mezzo per toccare e viaggiare in modo semplice sui mezzi pubblici.[\/vc_column_text]<div class=\"edgtf-separator-holder clearfix  edgtf-separator-center\">\n\t<div class=\"edgtf-separator\" ><\/div>\n<\/div>\n<a href=\"https:\/\/blog.masabi.com\/blog\/everything-you-need-to-know-about-contactless-ticketing-for-public-transport-cemv\" target=\"_self\" style=\"color: #f44747;border-color: #f44747;font-size: 20px;font-weight: 400\" class=\"edgtf-btn edgtf-btn-medium edgtf-btn-outline edgtf-btn-custom-border-hover edgtf-btn-custom-hover-color btn-has-radius\" data-hover-color=\"#81d742\" data-hover-border-color=\"#81d742\" >\n   \t   \t\t<span class=\"edgtf-button-background edgtf-before\"><\/span>\n   \t\t<span class=\"edgtf-button-background edgtf-after\"><\/span>\n   \t    <span class=\"edgtf-btn-text\">Blog<\/span>\n    <\/a><div class=\"edgtf-separator-holder clearfix  edgtf-separator-center\">\n\t<div class=\"edgtf-separator\" ><\/div>\n<\/div>\n<div class=\"edgtf-separator-holder clearfix  edgtf-separator-center\">\n\t<div class=\"edgtf-separator\" ><\/div>\n<\/div>\n<div class=\"edgtf-separator-holder clearfix  edgtf-separator-center\">\n\t<div class=\"edgtf-separator\" ><\/div>\n<\/div>\n[\/vc_column][\/vc_row][vc_row content_width=&#8221;grid&#8221; css=&#8221;.vc_custom_1593697505013{background-color: #333333 !important;}&#8221;][vc_column width=&#8221;2\/3&#8243;]<div class=\"edgtf-separator-holder clearfix  edgtf-separator-center\">\n\t<div class=\"edgtf-separator\" ><\/div>\n<\/div>\n<div class=\"edgtf-separator-holder clearfix  edgtf-separator-center\">\n\t<div class=\"edgtf-separator\" ><\/div>\n<\/div>\n<div class=\"edgtf-separator-holder clearfix  edgtf-separator-center\">\n\t<div class=\"edgtf-separator\" ><\/div>\n<\/div>\n[vc_column_text]<\/p>\n<h5 style=\"text-align: left;\"><strong>Le funzionalit\u00e0 del Justride Contactless Ticketing (cEMV)<\/strong><\/h5>\n<p>[\/vc_column_text][vc_column_text]<\/p>\n<h6>In Masabi crediamo che un&#8217;esperienza di bigliettazione contactless EMV debba essere disponibile per ogni passeggero in ogni azienda, con costi contenuti. Justride consente un modello cEMV pay-as-you-go aggregato che tiene conto di pi\u00f9 tocchi nell&#8217;arco di ore e giorni, per offrire sempre al passeggero la tariffa migliore per il suo viaggio.<\/h6>\n<p>[\/vc_column_text][vc_single_image image=&#8221;20863&#8243; img_size=&#8221;medium&#8221;]<a href=\"https:\/\/www.masabi.com\/it\/piattaforma-justride\/\" target=\"_self\" style=\"color: #f44747;border-color: #f44747;font-size: 20px;font-weight: 400\" class=\"edgtf-btn edgtf-btn-medium edgtf-btn-outline edgtf-btn-custom-border-hover edgtf-btn-custom-hover-color btn-has-radius\" data-hover-color=\"#81d742\" data-hover-border-color=\"#81d742\" >\n   \t   \t\t<span class=\"edgtf-button-background edgtf-before\"><\/span>\n   \t\t<span class=\"edgtf-button-background edgtf-after\"><\/span>\n   \t    <span class=\"edgtf-btn-text\">Ulteriori informazioni<\/span>\n    <\/a><div class=\"edgtf-separator-holder clearfix  edgtf-separator-center\">\n\t<div class=\"edgtf-separator\" ><\/div>\n<\/div>\n<div class=\"edgtf-separator-holder clearfix  edgtf-separator-center\">\n\t<div class=\"edgtf-separator\" ><\/div>\n<\/div>\n<div class=\"edgtf-separator-holder clearfix  edgtf-separator-center\">\n\t<div class=\"edgtf-separator\" ><\/div>\n<\/div>\n<div class=\"edgtf-separator-holder clearfix  edgtf-separator-center\">\n\t<div class=\"edgtf-separator\" ><\/div>\n<\/div>\n[\/vc_column][vc_column width=&#8221;1\/3&#8243; css=&#8221;.vc_custom_1594277278886{background-color: #333333 !important;}&#8221;]<div class=\"edgtf-separator-holder clearfix  edgtf-separator-center\">\n\t<div class=\"edgtf-separator\" ><\/div>\n<\/div>\n[vc_single_image image=&#8221;15578&#8243; img_size=&#8221;medium&#8221;][vc_single_image image=&#8221;15577&#8243; img_size=&#8221;medium&#8221;][vc_single_image image=&#8221;15576&#8243; img_size=&#8221;medium&#8221;]<div class=\"edgtf-separator-holder clearfix  edgtf-separator-center\">\n\t<div class=\"edgtf-separator\" ><\/div>\n<\/div>\n[\/vc_column][\/vc_row]<\/p>\n","protected":false},"excerpt":{"rendered":"<p>[vc_row content_width=&#8221;grid&#8221; css=&#8221;.vc_custom_1574765091269{background-color: #ffffff !important;}&#8221;][vc_column][vc_column_text] Contactless Ticketing Systems (cEMV) [\/vc_column_text][vc_column_text]L&#8217;uso di carte bancarie contactless, spesso indicate come EMV contactless (cEMV), per viaggiare sui mezzi pubblici \u00e8 comparso sulla scena qualche anno fa. Questi sistemi contactless sono unici nella loro capacit\u00e0 di consentire a un passeggero di qualsiasi tipo di presentarsi [&hellip;]<\/p>\n","protected":false},"author":1,"featured_media":0,"parent":0,"menu_order":0,"comment_status":"open","ping_status":"open","template":"full-width.php","meta":{"footnotes":""},"class_list":["post-14347","page","type-page","status-publish","hentry"],"yoast_head":"<!-- This site is optimized with the Yoast SEO plugin v18.8 - https:\/\/yoast.com\/wordpress\/plugins\/seo\/ -->\n<title>Contactless Ticketing System (cEMV) | Sistema di pagamento per i titoli di viaggio<\/title>\n<meta name=\"description\" content=\"Il Contactless Ticketing System (cEMV) consente alle persone di utilizzare le proprie carte bancarie contactless o i pagamenti mobili per viaggiare sui mezzi pubblici con un semplice tocco.\" \/>\n<meta name=\"robots\" content=\"index, follow, max-snippet:-1, max-image-preview:large, max-video-preview:-1\" \/>\n<link rel=\"canonical\" href=\"https:\/\/www.masabi.com\/it\/ticketing-carte-emv-contactless\/\" \/>\n<meta property=\"og:locale\" content=\"it_IT\" \/>\n<meta property=\"og:type\" content=\"article\" \/>\n<meta property=\"og:title\" content=\"Contactless Ticketing System (cEMV) | Sistema di pagamento per i titoli di viaggio\" \/>\n<meta property=\"og:description\" content=\"Il Contactless Ticketing System (cEMV) consente alle persone di utilizzare le proprie carte bancarie contactless o i pagamenti mobili per viaggiare sui mezzi pubblici con un semplice tocco.\" \/>\n<meta property=\"og:url\" content=\"https:\/\/www.masabi.com\/it\/ticketing-carte-emv-contactless\/\" \/>\n<meta property=\"og:site_name\" content=\"Masabi\" \/>\n<meta property=\"article:publisher\" content=\"https:\/\/www.facebook.com\/MasabiHQ\/?fref=ts\" \/>\n<meta property=\"article:modified_time\" content=\"2022-12-01T13:52:33+00:00\" \/>\n<meta name=\"twitter:label1\" content=\"Tempo di lettura stimato\" \/>\n\t<meta name=\"twitter:data1\" content=\"3 minuti\" \/>\n<script type=\"application\/ld+json\" class=\"yoast-schema-graph\">{\"@context\":\"https:\/\/schema.org\",\"@graph\":[{\"@type\":\"Organization\",\"@id\":\"https:\/\/www.masabi.com\/fr\/#organization\",\"name\":\"Masabi Ltd\",\"url\":\"https:\/\/www.masabi.com\/fr\/\",\"sameAs\":[\"https:\/\/www.facebook.com\/MasabiHQ\/?fref=ts\",\"https:\/\/www.linkedin.com\/company\/masabi?trk=top_nav_home\",\"https:\/\/twitter.com\/masabi_com\"],\"logo\":{\"@type\":\"ImageObject\",\"inLanguage\":\"it-IT\",\"@id\":\"https:\/\/www.masabi.com\/fr\/#\/schema\/logo\/image\/\",\"url\":\"https:\/\/www.masabi.com\/wp-content\/uploads\/2017\/10\/LMasabi-logo-300.png\",\"contentUrl\":\"https:\/\/www.masabi.com\/wp-content\/uploads\/2017\/10\/LMasabi-logo-300.png\",\"width\":300,\"height\":169,\"caption\":\"Masabi Ltd\"},\"image\":{\"@id\":\"https:\/\/www.masabi.com\/fr\/#\/schema\/logo\/image\/\"}},{\"@type\":\"WebSite\",\"@id\":\"https:\/\/www.masabi.com\/fr\/#website\",\"url\":\"https:\/\/www.masabi.com\/fr\/\",\"name\":\"Masabi\",\"description\":\"Fare Payments-as-a-Service\",\"publisher\":{\"@id\":\"https:\/\/www.masabi.com\/fr\/#organization\"},\"potentialAction\":[{\"@type\":\"SearchAction\",\"target\":{\"@type\":\"EntryPoint\",\"urlTemplate\":\"https:\/\/www.masabi.com\/fr\/?s={search_term_string}\"},\"query-input\":\"required name=search_term_string\"}],\"inLanguage\":\"it-IT\"},{\"@type\":\"WebPage\",\"@id\":\"https:\/\/www.masabi.com\/it\/ticketing-carte-emv-contactless\/#webpage\",\"url\":\"https:\/\/www.masabi.com\/it\/ticketing-carte-emv-contactless\/\",\"name\":\"Contactless Ticketing System (cEMV) | Sistema di pagamento per i titoli di viaggio\",\"isPartOf\":{\"@id\":\"https:\/\/www.masabi.com\/fr\/#website\"},\"datePublished\":\"2019-06-07T14:36:53+00:00\",\"dateModified\":\"2022-12-01T13:52:33+00:00\",\"description\":\"Il Contactless Ticketing System (cEMV) consente alle persone di utilizzare le proprie carte bancarie contactless o i pagamenti mobili per viaggiare sui mezzi pubblici con un semplice tocco.\",\"breadcrumb\":{\"@id\":\"https:\/\/www.masabi.com\/it\/ticketing-carte-emv-contactless\/#breadcrumb\"},\"inLanguage\":\"it-IT\",\"potentialAction\":[{\"@type\":\"ReadAction\",\"target\":[\"https:\/\/www.masabi.com\/it\/ticketing-carte-emv-contactless\/\"]}]},{\"@type\":\"BreadcrumbList\",\"@id\":\"https:\/\/www.masabi.com\/it\/ticketing-carte-emv-contactless\/#breadcrumb\",\"itemListElement\":[{\"@type\":\"ListItem\",\"position\":1,\"name\":\"Home\",\"item\":\"https:\/\/www.masabi.com\/it\/\"},{\"@type\":\"ListItem\",\"position\":2,\"name\":\"Contactless Ticketing System\"}]}]}<\/script>\n<!-- \/ Yoast SEO plugin. -->","yoast_head_json":{"title":"Contactless Ticketing System (cEMV) | Sistema di pagamento per i titoli di viaggio","description":"Il Contactless Ticketing System (cEMV) consente alle persone di utilizzare le proprie carte bancarie contactless o i pagamenti mobili per viaggiare sui mezzi pubblici con un semplice tocco.","robots":{"index":"index","follow":"follow","max-snippet":"max-snippet:-1","max-image-preview":"max-image-preview:large","max-video-preview":"max-video-preview:-1"},"canonical":"https:\/\/www.masabi.com\/it\/ticketing-carte-emv-contactless\/","og_locale":"it_IT","og_type":"article","og_title":"Contactless Ticketing System (cEMV) | Sistema di pagamento per i titoli di viaggio","og_description":"Il Contactless Ticketing System (cEMV) consente alle persone di utilizzare le proprie carte bancarie contactless o i pagamenti mobili per viaggiare sui mezzi pubblici con un semplice tocco.","og_url":"https:\/\/www.masabi.com\/it\/ticketing-carte-emv-contactless\/","og_site_name":"Masabi","article_publisher":"https:\/\/www.facebook.com\/MasabiHQ\/?fref=ts","article_modified_time":"2022-12-01T13:52:33+00:00","twitter_misc":{"Tempo di lettura stimato":"3 minuti"},"schema":{"@context":"https:\/\/schema.org","@graph":[{"@type":"Organization","@id":"https:\/\/www.masabi.com\/fr\/#organization","name":"Masabi Ltd","url":"https:\/\/www.masabi.com\/fr\/","sameAs":["https:\/\/www.facebook.com\/MasabiHQ\/?fref=ts","https:\/\/www.linkedin.com\/company\/masabi?trk=top_nav_home","https:\/\/twitter.com\/masabi_com"],"logo":{"@type":"ImageObject","inLanguage":"it-IT","@id":"https:\/\/www.masabi.com\/fr\/#\/schema\/logo\/image\/","url":"https:\/\/www.masabi.com\/wp-content\/uploads\/2017\/10\/LMasabi-logo-300.png","contentUrl":"https:\/\/www.masabi.com\/wp-content\/uploads\/2017\/10\/LMasabi-logo-300.png","width":300,"height":169,"caption":"Masabi Ltd"},"image":{"@id":"https:\/\/www.masabi.com\/fr\/#\/schema\/logo\/image\/"}},{"@type":"WebSite","@id":"https:\/\/www.masabi.com\/fr\/#website","url":"https:\/\/www.masabi.com\/fr\/","name":"Masabi","description":"Fare Payments-as-a-Service","publisher":{"@id":"https:\/\/www.masabi.com\/fr\/#organization"},"potentialAction":[{"@type":"SearchAction","target":{"@type":"EntryPoint","urlTemplate":"https:\/\/www.masabi.com\/fr\/?s={search_term_string}"},"query-input":"required name=search_term_string"}],"inLanguage":"it-IT"},{"@type":"WebPage","@id":"https:\/\/www.masabi.com\/it\/ticketing-carte-emv-contactless\/#webpage","url":"https:\/\/www.masabi.com\/it\/ticketing-carte-emv-contactless\/","name":"Contactless Ticketing System (cEMV) | Sistema di pagamento per i titoli di viaggio","isPartOf":{"@id":"https:\/\/www.masabi.com\/fr\/#website"},"datePublished":"2019-06-07T14:36:53+00:00","dateModified":"2022-12-01T13:52:33+00:00","description":"Il Contactless Ticketing System (cEMV) consente alle persone di utilizzare le proprie carte bancarie contactless o i pagamenti mobili per viaggiare sui mezzi pubblici con un semplice tocco.","breadcrumb":{"@id":"https:\/\/www.masabi.com\/it\/ticketing-carte-emv-contactless\/#breadcrumb"},"inLanguage":"it-IT","potentialAction":[{"@type":"ReadAction","target":["https:\/\/www.masabi.com\/it\/ticketing-carte-emv-contactless\/"]}]},{"@type":"BreadcrumbList","@id":"https:\/\/www.masabi.com\/it\/ticketing-carte-emv-contactless\/#breadcrumb","itemListElement":[{"@type":"ListItem","position":1,"name":"Home","item":"https:\/\/www.masabi.com\/it\/"},{"@type":"ListItem","position":2,"name":"Contactless Ticketing System"}]}]}},"_links":{"self":[{"href":"https:\/\/www.masabi.com\/it\/wp-json\/wp\/v2\/pages\/14347","targetHints":{"allow":["GET"]}}],"collection":[{"href":"https:\/\/www.masabi.com\/it\/wp-json\/wp\/v2\/pages"}],"about":[{"href":"https:\/\/www.masabi.com\/it\/wp-json\/wp\/v2\/types\/page"}],"author":[{"embeddable":true,"href":"https:\/\/www.masabi.com\/it\/wp-json\/wp\/v2\/users\/1"}],"replies":[{"embeddable":true,"href":"https:\/\/www.masabi.com\/it\/wp-json\/wp\/v2\/comments?post=14347"}],"version-history":[{"count":0,"href":"https:\/\/www.masabi.com\/it\/wp-json\/wp\/v2\/pages\/14347\/revisions"}],"wp:attachment":[{"href":"https:\/\/www.masabi.com\/it\/wp-json\/wp\/v2\/media?parent=14347"}],"curies":[{"name":"wp","href":"https:\/\/api.w.org\/{rel}","templated":true}]}}